{"id":7541,"date":"2017-08-22T22:08:29","date_gmt":"2017-08-22T22:08:29","guid":{"rendered":"http:\/\/sexshopzagues.com.mx\/tienda\/?post_type=product&#038;p=7541"},"modified":"2023-02-25T08:08:12","modified_gmt":"2023-02-25T08:08:12","slug":"prudence-extra-fuerte-3-pzs","status":"publish","type":"product","link":"https:\/\/sexshopzagues.com.mx\/tienda\/?product=prudence-extra-fuerte-3-pzs","title":{"rendered":"Prudence Extra fuerte 3 pzs"},"content":{"rendered":"<p>Cond\u00f3n masculino de hule l\u00e1tex , lubricado con silic\u00f3n. Condones m\u00e1s gruesos.<\/p>\n<p>Color: Natural<\/p>\n<p>Presentaciones: caja con 3 condones<\/p>\n","protected":false},"excerpt":{"rendered":"Condones extra fuertes, mas gruesos.","protected":false},"featured_media":7542,"comment_status":"open","ping_status":"closed","template":"","meta":[],"product_cat":[61],"product_tag":[142],"_links":{"self":[{"href":"https:\/\/sexshopzagues.com.mx\/tienda\/index.php?rest_route=\/wp\/v2\/product\/7541"}],"collection":[{"href":"https:\/\/sexshopzagues.com.mx\/tienda\/index.php?rest_route=\/wp\/v2\/product"}],"about":[{"href":"https:\/\/sexshopzagues.com.mx\/tienda\/index.php?rest_route=\/wp\/v2\/types\/product"}],"replies":[{"embeddable":true,"href":"https:\/\/sexshopzagues.com.mx\/tienda\/index.php?rest_route=%2Fwp%2Fv2%2Fcomments&post=7541"}],"wp:featuredmedia":[{"embeddable":true,"href":"https:\/\/sexshopzagues.com.mx\/tienda\/index.php?rest_route=\/wp\/v2\/media\/7542"}],"wp:attachment":[{"href":"https:\/\/sexshopzagues.com.mx\/tienda\/index.php?rest_route=%2Fwp%2Fv2%2Fmedia&parent=7541"}],"wp:term":[{"taxonomy":"product_cat","embeddable":true,"href":"https:\/\/sexshopzagues.com.mx\/tienda\/index.php?rest_route=%2Fwp%2Fv2%2Fproduct_cat&post=7541"},{"taxonomy":"product_tag","embeddable":true,"href":"https:\/\/sexshopzagues.com.mx\/tienda\/index.php?rest_route=%2Fwp%2Fv2%2Fproduct_tag&post=7541"}],"curies":[{"name":"wp","href":"https:\/\/api.w.org\/{rel}","templated":true}]}}