{"id":7531,"date":"2017-08-22T01:41:57","date_gmt":"2017-08-22T01:41:57","guid":{"rendered":"http:\/\/sexshopzagues.com.mx\/tienda\/?post_type=product&#038;p=7531"},"modified":"2023-02-25T08:11:17","modified_gmt":"2023-02-25T08:11:17","slug":"prudence-fresa-3pzs","status":"publish","type":"product","link":"https:\/\/sexshopzagues.com.mx\/tienda\/?product=prudence-fresa-3pzs","title":{"rendered":"Prudence Fresa 3pzs"},"content":{"rendered":"<p>Cond\u00f3n masculino de hule l\u00e1tex, lubricado con silic\u00f3n<\/p>\n<p><strong>Sabor:<\/strong>\u00a0Fresa<\/p>\n<p><strong>Color:<\/strong>\u00a0Rosa<\/p>\n<p>Caja con 3pzs<\/p>\n","protected":false},"excerpt":{"rendered":"Preservativo con color y sabor fresa","protected":false},"featured_media":7532,"comment_status":"open","ping_status":"closed","template":"","meta":[],"product_cat":[61],"product_tag":[142],"_links":{"self":[{"href":"https:\/\/sexshopzagues.com.mx\/tienda\/index.php?rest_route=\/wp\/v2\/product\/7531"}],"collection":[{"href":"https:\/\/sexshopzagues.com.mx\/tienda\/index.php?rest_route=\/wp\/v2\/product"}],"about":[{"href":"https:\/\/sexshopzagues.com.mx\/tienda\/index.php?rest_route=\/wp\/v2\/types\/product"}],"replies":[{"embeddable":true,"href":"https:\/\/sexshopzagues.com.mx\/tienda\/index.php?rest_route=%2Fwp%2Fv2%2Fcomments&post=7531"}],"wp:featuredmedia":[{"embeddable":true,"href":"https:\/\/sexshopzagues.com.mx\/tienda\/index.php?rest_route=\/wp\/v2\/media\/7532"}],"wp:attachment":[{"href":"https:\/\/sexshopzagues.com.mx\/tienda\/index.php?rest_route=%2Fwp%2Fv2%2Fmedia&parent=7531"}],"wp:term":[{"taxonomy":"product_cat","embeddable":true,"href":"https:\/\/sexshopzagues.com.mx\/tienda\/index.php?rest_route=%2Fwp%2Fv2%2Fproduct_cat&post=7531"},{"taxonomy":"product_tag","embeddable":true,"href":"https:\/\/sexshopzagues.com.mx\/tienda\/index.php?rest_route=%2Fwp%2Fv2%2Fproduct_tag&post=7531"}],"curies":[{"name":"wp","href":"https:\/\/api.w.org\/{rel}","templated":true}]}}