{"id":7524,"date":"2017-08-22T00:42:00","date_gmt":"2017-08-22T00:42:00","guid":{"rendered":"http:\/\/sexshopzagues.com.mx\/tienda\/?post_type=product&#038;p=7524"},"modified":"2023-02-25T08:12:40","modified_gmt":"2023-02-25T08:12:40","slug":"prudence-mix-5pzs","status":"publish","type":"product","link":"https:\/\/sexshopzagues.com.mx\/tienda\/?product=prudence-mix-5pzs","title":{"rendered":"Prudence Mix 5pzs"},"content":{"rendered":"<p>Cond\u00f3n masculino de hule l\u00e1tex, lubricado con silic\u00f3n, con sabor y color.<\/p>\n<p>Sabores: chocolate, menta, fresa , uva, naranja.<\/p>\n<p>Colores: marr\u00f3n, verde, rosa, purpura, naranja.<\/p>\n<p>Caja con 5 pzs.<\/p>\n","protected":false},"excerpt":{"rendered":"Preservativo con sabor y color.","protected":false},"featured_media":7525,"comment_status":"open","ping_status":"closed","template":"","meta":[],"product_cat":[61],"product_tag":[142],"_links":{"self":[{"href":"https:\/\/sexshopzagues.com.mx\/tienda\/index.php?rest_route=\/wp\/v2\/product\/7524"}],"collection":[{"href":"https:\/\/sexshopzagues.com.mx\/tienda\/index.php?rest_route=\/wp\/v2\/product"}],"about":[{"href":"https:\/\/sexshopzagues.com.mx\/tienda\/index.php?rest_route=\/wp\/v2\/types\/product"}],"replies":[{"embeddable":true,"href":"https:\/\/sexshopzagues.com.mx\/tienda\/index.php?rest_route=%2Fwp%2Fv2%2Fcomments&post=7524"}],"wp:featuredmedia":[{"embeddable":true,"href":"https:\/\/sexshopzagues.com.mx\/tienda\/index.php?rest_route=\/wp\/v2\/media\/7525"}],"wp:attachment":[{"href":"https:\/\/sexshopzagues.com.mx\/tienda\/index.php?rest_route=%2Fwp%2Fv2%2Fmedia&parent=7524"}],"wp:term":[{"taxonomy":"product_cat","embeddable":true,"href":"https:\/\/sexshopzagues.com.mx\/tienda\/index.php?rest_route=%2Fwp%2Fv2%2Fproduct_cat&post=7524"},{"taxonomy":"product_tag","embeddable":true,"href":"https:\/\/sexshopzagues.com.mx\/tienda\/index.php?rest_route=%2Fwp%2Fv2%2Fproduct_tag&post=7524"}],"curies":[{"name":"wp","href":"https:\/\/api.w.org\/{rel}","templated":true}]}}