{"id":748,"date":"2016-08-31T21:06:42","date_gmt":"2016-08-31T21:06:42","guid":{"rendered":"http:\/\/sexshopzagues.com.mx\/tienda\/?post_type=product&#038;p=748"},"modified":"2017-03-28T18:28:53","modified_gmt":"2017-03-28T18:28:53","slug":"boyfriend-beads","status":"publish","type":"product","link":"https:\/\/sexshopzagues.com.mx\/tienda\/?product=boyfriend-beads","title":{"rendered":"Boyfriend Beads"},"content":{"rendered":"<p>Bolitas para penetraci\u00f3n anal, graduadas, material flexible e higi\u00e9nico. Ideales para iniciar, ayudan a evitar el dolor, puesto que dilatan poco a poco. Material 100% silic\u00f3n lo que hace que este juguete sea hipoalerg\u00e9nico.\u00a0<em>30.8cm,\u03a62.4cm<\/em><\/p>\n","protected":false},"excerpt":{"rendered":"Bolitas anales, graduadas, flexibles, hipoalerg\u00e9nicas.","protected":false},"featured_media":754,"comment_status":"closed","ping_status":"closed","template":"","meta":[],"product_cat":[56],"product_tag":[77,92],"_links":{"self":[{"href":"https:\/\/sexshopzagues.com.mx\/tienda\/index.php?rest_route=\/wp\/v2\/product\/748"}],"collection":[{"href":"https:\/\/sexshopzagues.com.mx\/tienda\/index.php?rest_route=\/wp\/v2\/product"}],"about":[{"href":"https:\/\/sexshopzagues.com.mx\/tienda\/index.php?rest_route=\/wp\/v2\/types\/product"}],"replies":[{"embeddable":true,"href":"https:\/\/sexshopzagues.com.mx\/tienda\/index.php?rest_route=%2Fwp%2Fv2%2Fcomments&post=748"}],"wp:featuredmedia":[{"embeddable":true,"href":"https:\/\/sexshopzagues.com.mx\/tienda\/index.php?rest_route=\/wp\/v2\/media\/754"}],"wp:attachment":[{"href":"https:\/\/sexshopzagues.com.mx\/tienda\/index.php?rest_route=%2Fwp%2Fv2%2Fmedia&parent=748"}],"wp:term":[{"taxonomy":"product_cat","embeddable":true,"href":"https:\/\/sexshopzagues.com.mx\/tienda\/index.php?rest_route=%2Fwp%2Fv2%2Fproduct_cat&post=748"},{"taxonomy":"product_tag","embeddable":true,"href":"https:\/\/sexshopzagues.com.mx\/tienda\/index.php?rest_route=%2Fwp%2Fv2%2Fproduct_tag&post=748"}],"curies":[{"name":"wp","href":"https:\/\/api.w.org\/{rel}","templated":true}]}}