{"id":744,"date":"2016-08-31T19:59:22","date_gmt":"2016-08-31T19:59:22","guid":{"rendered":"http:\/\/sexshopzagues.com.mx\/tienda\/?post_type=product&#038;p=744"},"modified":"2021-09-07T22:54:18","modified_gmt":"2021-09-07T22:54:18","slug":"tail-power-beads","status":"publish","type":"product","link":"https:\/\/sexshopzagues.com.mx\/tienda\/?product=tail-power-beads","title":{"rendered":"Tail Power Beads"},"content":{"rendered":"<p>Para inserci\u00f3n anal, textura que brinda intenso placer en la penetraci\u00f3n, con una potente vibraci\u00f3n de 7 frecuencias, manipuladas por bot\u00f3n; material puro 100% silic\u00f3n, flexible, acabado sedoso y suave. A prueba de agua. Medidas: 18.6cm,\u03a63.4cm<\/p>\n","protected":false},"excerpt":{"rendered":"Vibrador para inserci\u00f3n anal con 7 frecuencias hipoalerg\u00e9nico","protected":false},"featured_media":745,"comment_status":"open","ping_status":"closed","template":"","meta":[],"product_cat":[56],"product_tag":[96,77,91,92],"_links":{"self":[{"href":"https:\/\/sexshopzagues.com.mx\/tienda\/index.php?rest_route=\/wp\/v2\/product\/744"}],"collection":[{"href":"https:\/\/sexshopzagues.com.mx\/tienda\/index.php?rest_route=\/wp\/v2\/product"}],"about":[{"href":"https:\/\/sexshopzagues.com.mx\/tienda\/index.php?rest_route=\/wp\/v2\/types\/product"}],"replies":[{"embeddable":true,"href":"https:\/\/sexshopzagues.com.mx\/tienda\/index.php?rest_route=%2Fwp%2Fv2%2Fcomments&post=744"}],"wp:featuredmedia":[{"embeddable":true,"href":"https:\/\/sexshopzagues.com.mx\/tienda\/index.php?rest_route=\/wp\/v2\/media\/745"}],"wp:attachment":[{"href":"https:\/\/sexshopzagues.com.mx\/tienda\/index.php?rest_route=%2Fwp%2Fv2%2Fmedia&parent=744"}],"wp:term":[{"taxonomy":"product_cat","embeddable":true,"href":"https:\/\/sexshopzagues.com.mx\/tienda\/index.php?rest_route=%2Fwp%2Fv2%2Fproduct_cat&post=744"},{"taxonomy":"product_tag","embeddable":true,"href":"https:\/\/sexshopzagues.com.mx\/tienda\/index.php?rest_route=%2Fwp%2Fv2%2Fproduct_tag&post=744"}],"curies":[{"name":"wp","href":"https:\/\/api.w.org\/{rel}","templated":true}]}}