{"id":7387,"date":"2017-08-01T20:51:55","date_gmt":"2017-08-01T20:51:55","guid":{"rendered":"http:\/\/sexshopzagues.com.mx\/tienda\/?post_type=product&#038;p=7387"},"modified":"2021-09-04T06:18:04","modified_gmt":"2021-09-04T06:18:04","slug":"fetish-fantasy-series-vibrating-mini-pussy-pump","status":"publish","type":"product","link":"https:\/\/sexshopzagues.com.mx\/tienda\/?product=fetish-fantasy-series-vibrating-mini-pussy-pump","title":{"rendered":"Fetish Fantasy Series Vibrating Mini Pussy Pump"},"content":{"rendered":"<p>Bomba para succionar labios y cl\u00edtoris, favorece sensibilidad y erecci\u00f3n de este; la ventosa viene texturizada para dar mayor estimulaci\u00f3n, cuenta con vibraci\u00f3n de gran alcance y potencia, regulable; cuenta con empu\u00f1adura para hacer m\u00e1s f\u00e1cil y pr\u00e1ctico su uso.<\/p>\n<ul>\n<li>Estimula cl\u00edtoris<\/li>\n<li>Ventosa suave, texturizada<\/li>\n<li>Vibraci\u00f3n regulable<\/li>\n<\/ul>\n<p>&nbsp;<\/p>\n","protected":false},"excerpt":{"rendered":"Bomba para clitoris","protected":false},"featured_media":7390,"comment_status":"open","ping_status":"closed","template":"","meta":[],"product_cat":[60,53],"product_tag":[94,76],"_links":{"self":[{"href":"https:\/\/sexshopzagues.com.mx\/tienda\/index.php?rest_route=\/wp\/v2\/product\/7387"}],"collection":[{"href":"https:\/\/sexshopzagues.com.mx\/tienda\/index.php?rest_route=\/wp\/v2\/product"}],"about":[{"href":"https:\/\/sexshopzagues.com.mx\/tienda\/index.php?rest_route=\/wp\/v2\/types\/product"}],"replies":[{"embeddable":true,"href":"https:\/\/sexshopzagues.com.mx\/tienda\/index.php?rest_route=%2Fwp%2Fv2%2Fcomments&post=7387"}],"wp:featuredmedia":[{"embeddable":true,"href":"https:\/\/sexshopzagues.com.mx\/tienda\/index.php?rest_route=\/wp\/v2\/media\/7390"}],"wp:attachment":[{"href":"https:\/\/sexshopzagues.com.mx\/tienda\/index.php?rest_route=%2Fwp%2Fv2%2Fmedia&parent=7387"}],"wp:term":[{"taxonomy":"product_cat","embeddable":true,"href":"https:\/\/sexshopzagues.com.mx\/tienda\/index.php?rest_route=%2Fwp%2Fv2%2Fproduct_cat&post=7387"},{"taxonomy":"product_tag","embeddable":true,"href":"https:\/\/sexshopzagues.com.mx\/tienda\/index.php?rest_route=%2Fwp%2Fv2%2Fproduct_tag&post=7387"}],"curies":[{"name":"wp","href":"https:\/\/api.w.org\/{rel}","templated":true}]}}