{"id":7339,"date":"2017-07-21T23:51:19","date_gmt":"2017-07-21T23:51:19","guid":{"rendered":"http:\/\/sexshopzagues.com.mx\/tienda\/?post_type=product&#038;p=7339"},"modified":"2020-06-25T21:21:46","modified_gmt":"2020-06-25T21:21:46","slug":"delicious-encounter-peach-24-ml","status":"publish","type":"product","link":"https:\/\/sexshopzagues.com.mx\/tienda\/?product=delicious-encounter-peach-24-ml","title":{"rendered":"Delicious Encounter Peach 24 ml"},"content":{"rendered":"<p>Linea de lubricantes veganos de Encounter, libres de glicerina y parabenos, hipoalerg\u00e9nicos. Lubricantes comestibles en 5 diferentes sabores fresa, cereza, vainilla, sand\u00eda y durazno para el sexo oral o simplemente la penetraci\u00f3n.<\/p>\n<p>Hecho a base de agua, compatible con el l\u00e1tex, no t\u00f3xico. Ideal para darle sabor a la relaci\u00f3n.<\/p>\n<p>Contenido: 24 ml<\/p>\n","protected":false},"excerpt":{"rendered":"Lubricante con sabor.","protected":false},"featured_media":7340,"comment_status":"open","ping_status":"closed","template":"","meta":[],"product_cat":[59],"product_tag":[100,119],"_links":{"self":[{"href":"https:\/\/sexshopzagues.com.mx\/tienda\/index.php?rest_route=\/wp\/v2\/product\/7339"}],"collection":[{"href":"https:\/\/sexshopzagues.com.mx\/tienda\/index.php?rest_route=\/wp\/v2\/product"}],"about":[{"href":"https:\/\/sexshopzagues.com.mx\/tienda\/index.php?rest_route=\/wp\/v2\/types\/product"}],"replies":[{"embeddable":true,"href":"https:\/\/sexshopzagues.com.mx\/tienda\/index.php?rest_route=%2Fwp%2Fv2%2Fcomments&post=7339"}],"wp:featuredmedia":[{"embeddable":true,"href":"https:\/\/sexshopzagues.com.mx\/tienda\/index.php?rest_route=\/wp\/v2\/media\/7340"}],"wp:attachment":[{"href":"https:\/\/sexshopzagues.com.mx\/tienda\/index.php?rest_route=%2Fwp%2Fv2%2Fmedia&parent=7339"}],"wp:term":[{"taxonomy":"product_cat","embeddable":true,"href":"https:\/\/sexshopzagues.com.mx\/tienda\/index.php?rest_route=%2Fwp%2Fv2%2Fproduct_cat&post=7339"},{"taxonomy":"product_tag","embeddable":true,"href":"https:\/\/sexshopzagues.com.mx\/tienda\/index.php?rest_route=%2Fwp%2Fv2%2Fproduct_tag&post=7339"}],"curies":[{"name":"wp","href":"https:\/\/api.w.org\/{rel}","templated":true}]}}