{"id":7265,"date":"2017-07-17T22:27:04","date_gmt":"2017-07-17T22:27:04","guid":{"rendered":"http:\/\/sexshopzagues.com.mx\/tienda\/?post_type=product&#038;p=7265"},"modified":"2023-03-03T01:05:53","modified_gmt":"2023-03-03T01:05:53","slug":"missweet-finger-vibe-purple","status":"publish","type":"product","link":"https:\/\/sexshopzagues.com.mx\/tienda\/?product=missweet-finger-vibe-purple","title":{"rendered":"MisSweet Finger Vibe Purple"},"content":{"rendered":"<p>Dedal vibrador con 7 funciones de vibraci\u00f3n, pulsaci\u00f3n y escalas; forma curva para estimular punto g o cualquier zona superficial, excelente para cl\u00edtoris; anillo el\u00e1stico que se adapta a tu dedo, sin lastimar. A prueba de agua.<\/p>\n<ul>\n<li>7 Frecuencias de vibraci\u00f3n<\/li>\n<li>A prueba de agua<\/li>\n<li>Silic\u00f3n grado m\u00e9dico<\/li>\n<li>Texturizado<\/li>\n<li>Medidas: 7.62cm . F2.2cm.<\/li>\n<\/ul>\n","protected":false},"excerpt":{"rendered":"Dedal vibrador 7 frecuencias.","protected":false},"featured_media":7269,"comment_status":"open","ping_status":"closed","template":"","meta":[],"product_cat":[57],"product_tag":[96,80,83,91,92],"_links":{"self":[{"href":"https:\/\/sexshopzagues.com.mx\/tienda\/index.php?rest_route=\/wp\/v2\/product\/7265"}],"collection":[{"href":"https:\/\/sexshopzagues.com.mx\/tienda\/index.php?rest_route=\/wp\/v2\/product"}],"about":[{"href":"https:\/\/sexshopzagues.com.mx\/tienda\/index.php?rest_route=\/wp\/v2\/types\/product"}],"replies":[{"embeddable":true,"href":"https:\/\/sexshopzagues.com.mx\/tienda\/index.php?rest_route=%2Fwp%2Fv2%2Fcomments&post=7265"}],"wp:featuredmedia":[{"embeddable":true,"href":"https:\/\/sexshopzagues.com.mx\/tienda\/index.php?rest_route=\/wp\/v2\/media\/7269"}],"wp:attachment":[{"href":"https:\/\/sexshopzagues.com.mx\/tienda\/index.php?rest_route=%2Fwp%2Fv2%2Fmedia&parent=7265"}],"wp:term":[{"taxonomy":"product_cat","embeddable":true,"href":"https:\/\/sexshopzagues.com.mx\/tienda\/index.php?rest_route=%2Fwp%2Fv2%2Fproduct_cat&post=7265"},{"taxonomy":"product_tag","embeddable":true,"href":"https:\/\/sexshopzagues.com.mx\/tienda\/index.php?rest_route=%2Fwp%2Fv2%2Fproduct_tag&post=7265"}],"curies":[{"name":"wp","href":"https:\/\/api.w.org\/{rel}","templated":true}]}}