{"id":7088,"date":"2017-06-10T00:16:05","date_gmt":"2017-06-10T00:16:05","guid":{"rendered":"http:\/\/sexshopzagues.com.mx\/tienda\/?post_type=product&#038;p=7088"},"modified":"2023-03-03T01:11:44","modified_gmt":"2023-03-03T01:11:44","slug":"dillio-mr-smoothy-purple","status":"publish","type":"product","link":"https:\/\/sexshopzagues.com.mx\/tienda\/?product=dillio-mr-smoothy-purple","title":{"rendered":"Dillio Mr. Smoothy Purple"},"content":{"rendered":"<p>La l\u00ednea Dillio de Pipedream est\u00e1 dise\u00f1ada para golpear en el lugar correcto cada vez. Con una amplia variedad de longitudes, circunferencias y formas, \u00a1las posibilidades son infinitas!<\/p>\n<p>Cada Dillio cuenta con una base de succi\u00f3n super fuerte\u00a0que se pega a casi cualquier superficie plana para diversi\u00f3n a manos libres. Compatibles con arn\u00e9s.<\/p>\n<p>Puede ser utilizado para penetraci\u00f3n anal o vaginal.<\/p>\n<p>Hechos a manos, con materiales de la m\u00e1s alta calidad. Libre de l\u00e1tex, libre de ftalatos e hipoalerg\u00e9nico. Hecho en EUA.<\/p>\n<p>Su textura te encantar\u00e1.<\/p>\n<p>Medidas: 14cm x 3cm<\/p>\n","protected":false},"excerpt":{"rendered":"Dildo Consolador para penetraci\u00f3n anal o vaginal.","protected":false},"featured_media":7089,"comment_status":"open","ping_status":"closed","template":"","meta":[],"product_cat":[58,56],"product_tag":[84,92,118,85],"_links":{"self":[{"href":"https:\/\/sexshopzagues.com.mx\/tienda\/index.php?rest_route=\/wp\/v2\/product\/7088"}],"collection":[{"href":"https:\/\/sexshopzagues.com.mx\/tienda\/index.php?rest_route=\/wp\/v2\/product"}],"about":[{"href":"https:\/\/sexshopzagues.com.mx\/tienda\/index.php?rest_route=\/wp\/v2\/types\/product"}],"replies":[{"embeddable":true,"href":"https:\/\/sexshopzagues.com.mx\/tienda\/index.php?rest_route=%2Fwp%2Fv2%2Fcomments&post=7088"}],"wp:featuredmedia":[{"embeddable":true,"href":"https:\/\/sexshopzagues.com.mx\/tienda\/index.php?rest_route=\/wp\/v2\/media\/7089"}],"wp:attachment":[{"href":"https:\/\/sexshopzagues.com.mx\/tienda\/index.php?rest_route=%2Fwp%2Fv2%2Fmedia&parent=7088"}],"wp:term":[{"taxonomy":"product_cat","embeddable":true,"href":"https:\/\/sexshopzagues.com.mx\/tienda\/index.php?rest_route=%2Fwp%2Fv2%2Fproduct_cat&post=7088"},{"taxonomy":"product_tag","embeddable":true,"href":"https:\/\/sexshopzagues.com.mx\/tienda\/index.php?rest_route=%2Fwp%2Fv2%2Fproduct_tag&post=7088"}],"curies":[{"name":"wp","href":"https:\/\/api.w.org\/{rel}","templated":true}]}}