{"id":7028,"date":"2017-05-23T17:48:41","date_gmt":"2017-05-23T17:48:41","guid":{"rendered":"http:\/\/sexshopzagues.com.mx\/tienda\/?post_type=product&#038;p=7028"},"modified":"2023-03-03T01:13:39","modified_gmt":"2023-03-03T01:13:39","slug":"fantasy-c-ringz-silicone-duo-ring","status":"publish","type":"product","link":"https:\/\/sexshopzagues.com.mx\/tienda\/?product=fantasy-c-ringz-silicone-duo-ring","title":{"rendered":"Fantasy C-Ringz Silicone Duo-Ring"},"content":{"rendered":"<p>Anillo de silic\u00f3n, doble aro. Ayudar\u00e1 a mejorar erecci\u00f3n y retardar eyaculaci\u00f3n con su novedoso mecanismo. Cuenta con una bala vibradora en la parte superior que estimular\u00e1 a tu pareja.<\/p>\n<p>Se adapta a su tama\u00f1o obteniendo m\u00e1ximo confort y excelentes resultados. Su material de Silic\u00f3n premium te encantar\u00e1.<\/p>\n<p>Incluye\u00a0lubricante y limpiador.<\/p>\n","protected":false},"excerpt":{"rendered":"Anillo con vibraci\u00f3n de doble aro.","protected":false},"featured_media":7034,"comment_status":"open","ping_status":"closed","template":"","meta":[],"product_cat":[62],"product_tag":[96,92,118,76],"_links":{"self":[{"href":"https:\/\/sexshopzagues.com.mx\/tienda\/index.php?rest_route=\/wp\/v2\/product\/7028"}],"collection":[{"href":"https:\/\/sexshopzagues.com.mx\/tienda\/index.php?rest_route=\/wp\/v2\/product"}],"about":[{"href":"https:\/\/sexshopzagues.com.mx\/tienda\/index.php?rest_route=\/wp\/v2\/types\/product"}],"replies":[{"embeddable":true,"href":"https:\/\/sexshopzagues.com.mx\/tienda\/index.php?rest_route=%2Fwp%2Fv2%2Fcomments&post=7028"}],"wp:featuredmedia":[{"embeddable":true,"href":"https:\/\/sexshopzagues.com.mx\/tienda\/index.php?rest_route=\/wp\/v2\/media\/7034"}],"wp:attachment":[{"href":"https:\/\/sexshopzagues.com.mx\/tienda\/index.php?rest_route=%2Fwp%2Fv2%2Fmedia&parent=7028"}],"wp:term":[{"taxonomy":"product_cat","embeddable":true,"href":"https:\/\/sexshopzagues.com.mx\/tienda\/index.php?rest_route=%2Fwp%2Fv2%2Fproduct_cat&post=7028"},{"taxonomy":"product_tag","embeddable":true,"href":"https:\/\/sexshopzagues.com.mx\/tienda\/index.php?rest_route=%2Fwp%2Fv2%2Fproduct_tag&post=7028"}],"curies":[{"name":"wp","href":"https:\/\/api.w.org\/{rel}","templated":true}]}}