{"id":7016,"date":"2017-05-22T21:12:00","date_gmt":"2017-05-22T21:12:00","guid":{"rendered":"http:\/\/sexshopzagues.com.mx\/tienda\/?product=wanachi-body-recharger-pink"},"modified":"2023-03-03T01:16:04","modified_gmt":"2023-03-03T01:16:04","slug":"wanachi-body-recharger-pink","status":"publish","type":"product","link":"https:\/\/sexshopzagues.com.mx\/tienda\/?product=wanachi-body-recharger-pink","title":{"rendered":"Wanachi Body Recharger Pink"},"content":{"rendered":"<p>Wanachi Body Recharger. Disfruta de relajantes vibraciones de gran alcance. Impulsado por un motor silencioso el Wanachi Body Recharger es la mejor opci\u00f3n para revitalizaci\u00f3n de los m\u00fasculos cansados, claro, y para dar una intensa sensaci\u00f3n de placer. Su cabeza flexible le permite llegar f\u00e1cilmente a todos los lugares adecuados.<\/p>\n<ul>\n<li>Recargable<\/li>\n<li>Acabado terso y sedoso<\/li>\n<li>3 Velocidades<\/li>\n<li>7 Frecuencias de vibraci\u00f3n<\/li>\n<li>Medidas:\u00a022.2 cm x 3.8cm<\/li>\n<\/ul>\n","protected":false},"excerpt":{"rendered":"Masajeador de largo alcance, recargable.","protected":false},"featured_media":7011,"comment_status":"open","ping_status":"closed","template":"","meta":[],"product_cat":[73,57],"product_tag":[94,91,76,93],"_links":{"self":[{"href":"https:\/\/sexshopzagues.com.mx\/tienda\/index.php?rest_route=\/wp\/v2\/product\/7016"}],"collection":[{"href":"https:\/\/sexshopzagues.com.mx\/tienda\/index.php?rest_route=\/wp\/v2\/product"}],"about":[{"href":"https:\/\/sexshopzagues.com.mx\/tienda\/index.php?rest_route=\/wp\/v2\/types\/product"}],"replies":[{"embeddable":true,"href":"https:\/\/sexshopzagues.com.mx\/tienda\/index.php?rest_route=%2Fwp%2Fv2%2Fcomments&post=7016"}],"wp:featuredmedia":[{"embeddable":true,"href":"https:\/\/sexshopzagues.com.mx\/tienda\/index.php?rest_route=\/wp\/v2\/media\/7011"}],"wp:attachment":[{"href":"https:\/\/sexshopzagues.com.mx\/tienda\/index.php?rest_route=%2Fwp%2Fv2%2Fmedia&parent=7016"}],"wp:term":[{"taxonomy":"product_cat","embeddable":true,"href":"https:\/\/sexshopzagues.com.mx\/tienda\/index.php?rest_route=%2Fwp%2Fv2%2Fproduct_cat&post=7016"},{"taxonomy":"product_tag","embeddable":true,"href":"https:\/\/sexshopzagues.com.mx\/tienda\/index.php?rest_route=%2Fwp%2Fv2%2Fproduct_tag&post=7016"}],"curies":[{"name":"wp","href":"https:\/\/api.w.org\/{rel}","templated":true}]}}