{"id":6970,"date":"2017-05-20T19:00:39","date_gmt":"2017-05-20T19:00:39","guid":{"rendered":"http:\/\/sexshopzagues.com.mx\/tienda\/?post_type=product&#038;p=6970"},"modified":"2023-03-03T01:20:14","modified_gmt":"2023-03-03T01:20:14","slug":"mega-bullet-daydream-blue","status":"publish","type":"product","link":"https:\/\/sexshopzagues.com.mx\/tienda\/?product=mega-bullet-daydream-blue","title":{"rendered":"Mega Bullet Daydream Blue"},"content":{"rendered":"<p>Excelente bala vibradora que puedes usar sola o en conjunto, ayuda en el pre\u00e1mbulo del encuentro o a autoestimularte la zona que desees.<\/p>\n<ul>\n<li>10 Frecuencias de vibraci\u00f3n, pulsaci\u00f3n y escalas.<\/li>\n<li>Chip de memoria que guarda la \u00faltima funci\u00f3n que se utiliz\u00f3<\/li>\n<li>Libre de Ftalatos, seguro para el cuerpo.<\/li>\n<li>100% Sumergible.<\/li>\n<\/ul>\n","protected":false},"excerpt":{"rendered":"Bala vibradora de 10 funciones, sumergible.","protected":false},"featured_media":6960,"comment_status":"closed","ping_status":"closed","template":"","meta":[],"product_cat":[158,73,57],"product_tag":[96,91,126],"_links":{"self":[{"href":"https:\/\/sexshopzagues.com.mx\/tienda\/index.php?rest_route=\/wp\/v2\/product\/6970"}],"collection":[{"href":"https:\/\/sexshopzagues.com.mx\/tienda\/index.php?rest_route=\/wp\/v2\/product"}],"about":[{"href":"https:\/\/sexshopzagues.com.mx\/tienda\/index.php?rest_route=\/wp\/v2\/types\/product"}],"replies":[{"embeddable":true,"href":"https:\/\/sexshopzagues.com.mx\/tienda\/index.php?rest_route=%2Fwp%2Fv2%2Fcomments&post=6970"}],"wp:featuredmedia":[{"embeddable":true,"href":"https:\/\/sexshopzagues.com.mx\/tienda\/index.php?rest_route=\/wp\/v2\/media\/6960"}],"wp:attachment":[{"href":"https:\/\/sexshopzagues.com.mx\/tienda\/index.php?rest_route=%2Fwp%2Fv2%2Fmedia&parent=6970"}],"wp:term":[{"taxonomy":"product_cat","embeddable":true,"href":"https:\/\/sexshopzagues.com.mx\/tienda\/index.php?rest_route=%2Fwp%2Fv2%2Fproduct_cat&post=6970"},{"taxonomy":"product_tag","embeddable":true,"href":"https:\/\/sexshopzagues.com.mx\/tienda\/index.php?rest_route=%2Fwp%2Fv2%2Fproduct_tag&post=6970"}],"curies":[{"name":"wp","href":"https:\/\/api.w.org\/{rel}","templated":true}]}}