{"id":6806,"date":"2017-05-06T20:50:09","date_gmt":"2017-05-06T20:50:09","guid":{"rendered":"http:\/\/sexshopzagues.com.mx\/tienda\/?post_type=product&#038;p=6806"},"modified":"2023-03-03T01:34:21","modified_gmt":"2023-03-03T01:34:21","slug":"pump-worx-beginners-vibrating-pump-black","status":"publish","type":"product","link":"https:\/\/sexshopzagues.com.mx\/tienda\/?product=pump-worx-beginners-vibrating-pump-black","title":{"rendered":"Pump Worx Beginner&#8217;s Vibrating Pump Black"},"content":{"rendered":"<p>Pump Worx Beginner&#8217;s Vibrating Pump, le dar\u00e1 el tama\u00f1o y la confianza que siempre ha so\u00f1ado. Descubrir\u00e1 r\u00e1pidamente erecciones palpitantes y\u00a0potentes.<\/p>\n<p>El tubo de vac\u00edo claro le permite ver su pene crecer y la v\u00e1lvula de liberaci\u00f3n r\u00e1pida alivia la presi\u00f3n con el presionar de un bot\u00f3n.<\/p>\n","protected":false},"excerpt":{"rendered":"Bomba de vac\u00edo con vibraci\u00f3n.","protected":false},"featured_media":6808,"comment_status":"open","ping_status":"closed","template":"","meta":[],"product_cat":[159,60],"product_tag":[193,76],"_links":{"self":[{"href":"https:\/\/sexshopzagues.com.mx\/tienda\/index.php?rest_route=\/wp\/v2\/product\/6806"}],"collection":[{"href":"https:\/\/sexshopzagues.com.mx\/tienda\/index.php?rest_route=\/wp\/v2\/product"}],"about":[{"href":"https:\/\/sexshopzagues.com.mx\/tienda\/index.php?rest_route=\/wp\/v2\/types\/product"}],"replies":[{"embeddable":true,"href":"https:\/\/sexshopzagues.com.mx\/tienda\/index.php?rest_route=%2Fwp%2Fv2%2Fcomments&post=6806"}],"wp:featuredmedia":[{"embeddable":true,"href":"https:\/\/sexshopzagues.com.mx\/tienda\/index.php?rest_route=\/wp\/v2\/media\/6808"}],"wp:attachment":[{"href":"https:\/\/sexshopzagues.com.mx\/tienda\/index.php?rest_route=%2Fwp%2Fv2%2Fmedia&parent=6806"}],"wp:term":[{"taxonomy":"product_cat","embeddable":true,"href":"https:\/\/sexshopzagues.com.mx\/tienda\/index.php?rest_route=%2Fwp%2Fv2%2Fproduct_cat&post=6806"},{"taxonomy":"product_tag","embeddable":true,"href":"https:\/\/sexshopzagues.com.mx\/tienda\/index.php?rest_route=%2Fwp%2Fv2%2Fproduct_tag&post=6806"}],"curies":[{"name":"wp","href":"https:\/\/api.w.org\/{rel}","templated":true}]}}