{"id":6805,"date":"2017-05-06T18:37:57","date_gmt":"2017-05-06T18:37:57","guid":{"rendered":"http:\/\/sexshopzagues.com.mx\/tienda\/?product=beginners-power-pump-clear"},"modified":"2023-03-03T01:35:00","modified_gmt":"2023-03-03T01:35:00","slug":"beginners-power-pump-clear","status":"publish","type":"product","link":"https:\/\/sexshopzagues.com.mx\/tienda\/?product=beginners-power-pump-clear","title":{"rendered":"Beginner&#8217;s Power Pump Clear"},"content":{"rendered":"<p>Esta bomba esta desarrollada para producir los m\u00e1ximos resultados, es de material PVC. Es la mejor elecci\u00f3n para la ampliaci\u00f3n del pene al instante. Tiene una v\u00e1lvula de liberaci\u00f3n r\u00e1pida para aliviar la presi\u00f3n con la pulsaci\u00f3n de un bot\u00f3n.<\/p>\n","protected":false},"excerpt":{"rendered":"Bomba de vac\u00edo.","protected":false},"featured_media":6789,"comment_status":"open","ping_status":"closed","template":"","meta":[],"product_cat":[159,60],"product_tag":[76],"_links":{"self":[{"href":"https:\/\/sexshopzagues.com.mx\/tienda\/index.php?rest_route=\/wp\/v2\/product\/6805"}],"collection":[{"href":"https:\/\/sexshopzagues.com.mx\/tienda\/index.php?rest_route=\/wp\/v2\/product"}],"about":[{"href":"https:\/\/sexshopzagues.com.mx\/tienda\/index.php?rest_route=\/wp\/v2\/types\/product"}],"replies":[{"embeddable":true,"href":"https:\/\/sexshopzagues.com.mx\/tienda\/index.php?rest_route=%2Fwp%2Fv2%2Fcomments&post=6805"}],"wp:featuredmedia":[{"embeddable":true,"href":"https:\/\/sexshopzagues.com.mx\/tienda\/index.php?rest_route=\/wp\/v2\/media\/6789"}],"wp:attachment":[{"href":"https:\/\/sexshopzagues.com.mx\/tienda\/index.php?rest_route=%2Fwp%2Fv2%2Fmedia&parent=6805"}],"wp:term":[{"taxonomy":"product_cat","embeddable":true,"href":"https:\/\/sexshopzagues.com.mx\/tienda\/index.php?rest_route=%2Fwp%2Fv2%2Fproduct_cat&post=6805"},{"taxonomy":"product_tag","embeddable":true,"href":"https:\/\/sexshopzagues.com.mx\/tienda\/index.php?rest_route=%2Fwp%2Fv2%2Fproduct_tag&post=6805"}],"curies":[{"name":"wp","href":"https:\/\/api.w.org\/{rel}","templated":true}]}}