{"id":6668,"date":"2017-05-03T18:06:14","date_gmt":"2017-05-03T18:06:14","guid":{"rendered":"http:\/\/sexshopzagues.com.mx\/tienda\/?post_type=product&#038;p=6668"},"modified":"2023-03-03T01:41:41","modified_gmt":"2023-03-03T01:41:41","slug":"mini-vibro-teases-clear","status":"publish","type":"product","link":"https:\/\/sexshopzagues.com.mx\/tienda\/?product=mini-vibro-teases-clear","title":{"rendered":"Mini Vibro Teases? Clear"},"content":{"rendered":"<p>Plug anal de material flexible y duradero. Con forma c\u00f3nica que facilitar\u00e1 la penetraci\u00f3n.<\/p>\n<p>Su bala vibradora potente, es desmontable, f\u00e1cil de utilizar. Material higi\u00e9nico, seguro para el cuerpo, libre de ftalatos.<\/p>\n<p>Medidas: 10 x 2.5cm (parte m\u00e1s ancha).<\/p>\n<p>A prueba de agua.<\/p>\n","protected":false},"excerpt":{"rendered":"Plug anal con vibraci\u00f3n.","protected":false},"featured_media":6674,"comment_status":"open","ping_status":"closed","template":"","meta":[],"product_cat":[166,56],"product_tag":[96,75],"_links":{"self":[{"href":"https:\/\/sexshopzagues.com.mx\/tienda\/index.php?rest_route=\/wp\/v2\/product\/6668"}],"collection":[{"href":"https:\/\/sexshopzagues.com.mx\/tienda\/index.php?rest_route=\/wp\/v2\/product"}],"about":[{"href":"https:\/\/sexshopzagues.com.mx\/tienda\/index.php?rest_route=\/wp\/v2\/types\/product"}],"replies":[{"embeddable":true,"href":"https:\/\/sexshopzagues.com.mx\/tienda\/index.php?rest_route=%2Fwp%2Fv2%2Fcomments&post=6668"}],"wp:featuredmedia":[{"embeddable":true,"href":"https:\/\/sexshopzagues.com.mx\/tienda\/index.php?rest_route=\/wp\/v2\/media\/6674"}],"wp:attachment":[{"href":"https:\/\/sexshopzagues.com.mx\/tienda\/index.php?rest_route=%2Fwp%2Fv2%2Fmedia&parent=6668"}],"wp:term":[{"taxonomy":"product_cat","embeddable":true,"href":"https:\/\/sexshopzagues.com.mx\/tienda\/index.php?rest_route=%2Fwp%2Fv2%2Fproduct_cat&post=6668"},{"taxonomy":"product_tag","embeddable":true,"href":"https:\/\/sexshopzagues.com.mx\/tienda\/index.php?rest_route=%2Fwp%2Fv2%2Fproduct_tag&post=6668"}],"curies":[{"name":"wp","href":"https:\/\/api.w.org\/{rel}","templated":true}]}}