{"id":6601,"date":"2017-05-02T19:19:54","date_gmt":"2017-05-02T19:19:54","guid":{"rendered":"http:\/\/sexshopzagues.com.mx\/tienda\/?post_type=product&#038;p=6601"},"modified":"2023-03-03T01:49:10","modified_gmt":"2023-03-03T01:49:10","slug":"first-time-g-spot-tulip-vibes-pink","status":"publish","type":"product","link":"https:\/\/sexshopzagues.com.mx\/tienda\/?product=first-time-g-spot-tulip-vibes-pink","title":{"rendered":"First Time? G-Spot Tulip Vibes Pink"},"content":{"rendered":"<p>Deja en manos de este tulip\u00e1n tus primeras experiencias estimulando punto g.<\/p>\n<p>Su forma facilitar\u00e1 la localizaci\u00f3n y estimulaci\u00f3n del punto G. F\u00e1cil de usar. Cuenta con un suave acabado satinado.<\/p>\n<ul>\n<li>Ideal para principiantes.<\/li>\n<li>Estimula Punto G.<\/li>\n<li>Vibraci\u00f3n regulable.<\/li>\n<li>A prueba de agua.<\/li>\n<li>Acabado satinado.<\/li>\n<\/ul>\n<p>&nbsp;<\/p>\n","protected":false},"excerpt":{"rendered":"Vibrador para punto G","protected":false},"featured_media":6602,"comment_status":"open","ping_status":"closed","template":"","meta":[],"product_cat":[57],"product_tag":[96,75,86],"_links":{"self":[{"href":"https:\/\/sexshopzagues.com.mx\/tienda\/index.php?rest_route=\/wp\/v2\/product\/6601"}],"collection":[{"href":"https:\/\/sexshopzagues.com.mx\/tienda\/index.php?rest_route=\/wp\/v2\/product"}],"about":[{"href":"https:\/\/sexshopzagues.com.mx\/tienda\/index.php?rest_route=\/wp\/v2\/types\/product"}],"replies":[{"embeddable":true,"href":"https:\/\/sexshopzagues.com.mx\/tienda\/index.php?rest_route=%2Fwp%2Fv2%2Fcomments&post=6601"}],"wp:featuredmedia":[{"embeddable":true,"href":"https:\/\/sexshopzagues.com.mx\/tienda\/index.php?rest_route=\/wp\/v2\/media\/6602"}],"wp:attachment":[{"href":"https:\/\/sexshopzagues.com.mx\/tienda\/index.php?rest_route=%2Fwp%2Fv2%2Fmedia&parent=6601"}],"wp:term":[{"taxonomy":"product_cat","embeddable":true,"href":"https:\/\/sexshopzagues.com.mx\/tienda\/index.php?rest_route=%2Fwp%2Fv2%2Fproduct_cat&post=6601"},{"taxonomy":"product_tag","embeddable":true,"href":"https:\/\/sexshopzagues.com.mx\/tienda\/index.php?rest_route=%2Fwp%2Fv2%2Fproduct_tag&post=6601"}],"curies":[{"name":"wp","href":"https:\/\/api.w.org\/{rel}","templated":true}]}}