{"id":6580,"date":"2017-04-27T22:09:02","date_gmt":"2017-04-27T22:09:02","guid":{"rendered":"http:\/\/sexshopzagues.com.mx\/tienda\/?product=fetish-fantasy-series-limited-edition-bondage-rope-black"},"modified":"2023-03-03T01:50:40","modified_gmt":"2023-03-03T01:50:40","slug":"fetish-fantasy-series-limited-edition-bondage-rope-black","status":"publish","type":"product","link":"https:\/\/sexshopzagues.com.mx\/tienda\/?product=fetish-fantasy-series-limited-edition-bondage-rope-black","title":{"rendered":"Fetish Fantasy Series Limited Edition Bondage Rope Black"},"content":{"rendered":"<p>Con esta cuerda s\u00faper suave no tienes que ser un experto para disfrutar del placer del juego de esclavitud al estilo japon\u00e9s. Es ideal para aquellos que simplemente quieren atar las manos y los pies de su pareja, pero lo suficientemente largo y lo suficientemente resistente para aquellos que quieren participar en la esclavitud de cuerda estilo Shibari (es un estilo japon\u00e9s de bondage que implica atar siguiendo ciertos principios t\u00e9cnicos y est\u00e9ticos).<\/p>\n<p>Medida de la cuerda: 10.6 metro (35 pies)<\/p>\n","protected":false},"excerpt":{"rendered":"Cuerda bondage","protected":false},"featured_media":6581,"comment_status":"open","ping_status":"closed","template":"","meta":[],"product_cat":[72,53],"product_tag":[76],"_links":{"self":[{"href":"https:\/\/sexshopzagues.com.mx\/tienda\/index.php?rest_route=\/wp\/v2\/product\/6580"}],"collection":[{"href":"https:\/\/sexshopzagues.com.mx\/tienda\/index.php?rest_route=\/wp\/v2\/product"}],"about":[{"href":"https:\/\/sexshopzagues.com.mx\/tienda\/index.php?rest_route=\/wp\/v2\/types\/product"}],"replies":[{"embeddable":true,"href":"https:\/\/sexshopzagues.com.mx\/tienda\/index.php?rest_route=%2Fwp%2Fv2%2Fcomments&post=6580"}],"wp:featuredmedia":[{"embeddable":true,"href":"https:\/\/sexshopzagues.com.mx\/tienda\/index.php?rest_route=\/wp\/v2\/media\/6581"}],"wp:attachment":[{"href":"https:\/\/sexshopzagues.com.mx\/tienda\/index.php?rest_route=%2Fwp%2Fv2%2Fmedia&parent=6580"}],"wp:term":[{"taxonomy":"product_cat","embeddable":true,"href":"https:\/\/sexshopzagues.com.mx\/tienda\/index.php?rest_route=%2Fwp%2Fv2%2Fproduct_cat&post=6580"},{"taxonomy":"product_tag","embeddable":true,"href":"https:\/\/sexshopzagues.com.mx\/tienda\/index.php?rest_route=%2Fwp%2Fv2%2Fproduct_tag&post=6580"}],"curies":[{"name":"wp","href":"https:\/\/api.w.org\/{rel}","templated":true}]}}