{"id":6501,"date":"2017-04-21T20:25:26","date_gmt":"2017-04-21T20:25:26","guid":{"rendered":"http:\/\/sexshopzagues.com.mx\/tienda\/?product=silicone-butt-plug-4"},"modified":"2023-03-03T01:53:12","modified_gmt":"2023-03-03T01:53:12","slug":"silicone-butt-plug-4","status":"publish","type":"product","link":"https:\/\/sexshopzagues.com.mx\/tienda\/?product=silicone-butt-plug-4","title":{"rendered":"Silicone Butt Plug 4&#8243;"},"content":{"rendered":"<p>Mini plug anal, excelente para principiantes.<\/p>\n<p>Cuenta con base para f\u00e1cil inserci\u00f3n y extracci\u00f3n. Fabricado en silic\u00f3n grado m\u00e9dico, de acabado sedoso y terso.<\/p>\n<p>Medidas: 10cm x 2cm (parte mas ancha).<\/p>\n<p>Incluye limpiador y lubricante.<\/p>\n","protected":false},"excerpt":{"rendered":"Plug anal de silic\u00f3n.","protected":false},"featured_media":6502,"comment_status":"open","ping_status":"closed","template":"","meta":[],"product_cat":[73,168,56],"product_tag":[77,118],"_links":{"self":[{"href":"https:\/\/sexshopzagues.com.mx\/tienda\/index.php?rest_route=\/wp\/v2\/product\/6501"}],"collection":[{"href":"https:\/\/sexshopzagues.com.mx\/tienda\/index.php?rest_route=\/wp\/v2\/product"}],"about":[{"href":"https:\/\/sexshopzagues.com.mx\/tienda\/index.php?rest_route=\/wp\/v2\/types\/product"}],"replies":[{"embeddable":true,"href":"https:\/\/sexshopzagues.com.mx\/tienda\/index.php?rest_route=%2Fwp%2Fv2%2Fcomments&post=6501"}],"wp:featuredmedia":[{"embeddable":true,"href":"https:\/\/sexshopzagues.com.mx\/tienda\/index.php?rest_route=\/wp\/v2\/media\/6502"}],"wp:attachment":[{"href":"https:\/\/sexshopzagues.com.mx\/tienda\/index.php?rest_route=%2Fwp%2Fv2%2Fmedia&parent=6501"}],"wp:term":[{"taxonomy":"product_cat","embeddable":true,"href":"https:\/\/sexshopzagues.com.mx\/tienda\/index.php?rest_route=%2Fwp%2Fv2%2Fproduct_cat&post=6501"},{"taxonomy":"product_tag","embeddable":true,"href":"https:\/\/sexshopzagues.com.mx\/tienda\/index.php?rest_route=%2Fwp%2Fv2%2Fproduct_tag&post=6501"}],"curies":[{"name":"wp","href":"https:\/\/api.w.org\/{rel}","templated":true}]}}