{"id":6491,"date":"2017-04-20T20:55:18","date_gmt":"2017-04-20T20:55:18","guid":{"rendered":"http:\/\/sexshopzagues.com.mx\/tienda\/?post_type=product&#038;p=6491"},"modified":"2021-09-04T16:25:07","modified_gmt":"2021-09-04T16:25:07","slug":"fuck-me-silly-dude-mega-masturbator","status":"publish","type":"product","link":"https:\/\/sexshopzagues.com.mx\/tienda\/?product=fuck-me-silly-dude-mega-masturbator","title":{"rendered":"Fuck Me Silly Dude! Mega Masturbator"},"content":{"rendered":"<p>Siempre haz so\u00f1ado con montar un gran pene \u00bfQu\u00e9 esperas? Este macho es solo para ti, dispuesto a cumplir todas tus fantas\u00edas. Tambien puede penetrar su estrecho ano, que le otorgar\u00e1 intenso placer!<\/p>\n<p>El material mas realista del mercado Fanta Flesh, es t\u00e9rmico ya que toma la temperatura corporal, resistente e higi\u00e9nico.<\/p>\n<p>Medidas del dildo: 20.3cm x 4.45cm.<\/p>\n<p>Producto unisex.<\/p>\n","protected":false},"excerpt":{"rendered":"Mega Masturbador con torso, para penetraci\u00f3n y dildo,","protected":false},"featured_media":6492,"comment_status":"open","ping_status":"closed","template":"","meta":[],"product_cat":[72,58,66],"product_tag":[82,76],"_links":{"self":[{"href":"https:\/\/sexshopzagues.com.mx\/tienda\/index.php?rest_route=\/wp\/v2\/product\/6491"}],"collection":[{"href":"https:\/\/sexshopzagues.com.mx\/tienda\/index.php?rest_route=\/wp\/v2\/product"}],"about":[{"href":"https:\/\/sexshopzagues.com.mx\/tienda\/index.php?rest_route=\/wp\/v2\/types\/product"}],"replies":[{"embeddable":true,"href":"https:\/\/sexshopzagues.com.mx\/tienda\/index.php?rest_route=%2Fwp%2Fv2%2Fcomments&post=6491"}],"wp:featuredmedia":[{"embeddable":true,"href":"https:\/\/sexshopzagues.com.mx\/tienda\/index.php?rest_route=\/wp\/v2\/media\/6492"}],"wp:attachment":[{"href":"https:\/\/sexshopzagues.com.mx\/tienda\/index.php?rest_route=%2Fwp%2Fv2%2Fmedia&parent=6491"}],"wp:term":[{"taxonomy":"product_cat","embeddable":true,"href":"https:\/\/sexshopzagues.com.mx\/tienda\/index.php?rest_route=%2Fwp%2Fv2%2Fproduct_cat&post=6491"},{"taxonomy":"product_tag","embeddable":true,"href":"https:\/\/sexshopzagues.com.mx\/tienda\/index.php?rest_route=%2Fwp%2Fv2%2Fproduct_tag&post=6491"}],"curies":[{"name":"wp","href":"https:\/\/api.w.org\/{rel}","templated":true}]}}