{"id":6483,"date":"2017-04-20T19:01:32","date_gmt":"2017-04-20T19:01:32","guid":{"rendered":"http:\/\/sexshopzagues.com.mx\/tienda\/?post_type=product&#038;p=6483"},"modified":"2021-09-04T16:25:33","modified_gmt":"2021-09-04T16:25:33","slug":"fuck-my-tight-ass-mega-masturbator","status":"publish","type":"product","link":"https:\/\/sexshopzagues.com.mx\/tienda\/?product=fuck-my-tight-ass-mega-masturbator","title":{"rendered":"Fuck My Tight Ass! Mega Masturbator"},"content":{"rendered":"<p>Mega masturbador s\u00faper realista, simula ano, texturizado por dentro para una sensaci\u00f3n m\u00e1s placentera. Material Fanta Flesh, lo mas similar a la piel y de la mejor calidad, t\u00e9rmico (toma el calor corporal), tama\u00f1o real. Su peso es de 7 kilogramos. Higi\u00e9nico.<\/p>\n","protected":false},"excerpt":{"rendered":"Mega Masturbador ano y gl\u00fateos","protected":false},"featured_media":6484,"comment_status":"open","ping_status":"closed","template":"","meta":[],"product_cat":[66],"product_tag":[82,76],"_links":{"self":[{"href":"https:\/\/sexshopzagues.com.mx\/tienda\/index.php?rest_route=\/wp\/v2\/product\/6483"}],"collection":[{"href":"https:\/\/sexshopzagues.com.mx\/tienda\/index.php?rest_route=\/wp\/v2\/product"}],"about":[{"href":"https:\/\/sexshopzagues.com.mx\/tienda\/index.php?rest_route=\/wp\/v2\/types\/product"}],"replies":[{"embeddable":true,"href":"https:\/\/sexshopzagues.com.mx\/tienda\/index.php?rest_route=%2Fwp%2Fv2%2Fcomments&post=6483"}],"wp:featuredmedia":[{"embeddable":true,"href":"https:\/\/sexshopzagues.com.mx\/tienda\/index.php?rest_route=\/wp\/v2\/media\/6484"}],"wp:attachment":[{"href":"https:\/\/sexshopzagues.com.mx\/tienda\/index.php?rest_route=%2Fwp%2Fv2%2Fmedia&parent=6483"}],"wp:term":[{"taxonomy":"product_cat","embeddable":true,"href":"https:\/\/sexshopzagues.com.mx\/tienda\/index.php?rest_route=%2Fwp%2Fv2%2Fproduct_cat&post=6483"},{"taxonomy":"product_tag","embeddable":true,"href":"https:\/\/sexshopzagues.com.mx\/tienda\/index.php?rest_route=%2Fwp%2Fv2%2Fproduct_tag&post=6483"}],"curies":[{"name":"wp","href":"https:\/\/api.w.org\/{rel}","templated":true}]}}