{"id":6450,"date":"2017-04-11T19:08:19","date_gmt":"2017-04-11T19:08:19","guid":{"rendered":"http:\/\/sexshopzagues.com.mx\/tienda\/?product=heart-booty-beads-pink"},"modified":"2023-03-03T01:55:06","modified_gmt":"2023-03-03T01:55:06","slug":"heart-booty-beads-pink","status":"publish","type":"product","link":"https:\/\/sexshopzagues.com.mx\/tienda\/?product=heart-booty-beads-pink","title":{"rendered":"Heart Booty Beads Pink"},"content":{"rendered":"<p>Quieres cambiar de las cl\u00e1sicas bolitas anales? Esta es una buena opci\u00f3n, Chisa trae para ti estos corazones para inserci\u00f3n anal, su forma facilitar\u00e1 la penetraci\u00f3n y lo mejor de todo es que te brindar\u00e1n intenso placer. Material hipoalerg\u00e9nico 100% silic\u00f3n.<\/p>\n","protected":false},"excerpt":{"rendered":"Corazones para inserci\u00f3n anal.","protected":false},"featured_media":6451,"comment_status":"open","ping_status":"closed","template":"","meta":[],"product_cat":[56],"product_tag":[77,118],"_links":{"self":[{"href":"https:\/\/sexshopzagues.com.mx\/tienda\/index.php?rest_route=\/wp\/v2\/product\/6450"}],"collection":[{"href":"https:\/\/sexshopzagues.com.mx\/tienda\/index.php?rest_route=\/wp\/v2\/product"}],"about":[{"href":"https:\/\/sexshopzagues.com.mx\/tienda\/index.php?rest_route=\/wp\/v2\/types\/product"}],"replies":[{"embeddable":true,"href":"https:\/\/sexshopzagues.com.mx\/tienda\/index.php?rest_route=%2Fwp%2Fv2%2Fcomments&post=6450"}],"wp:featuredmedia":[{"embeddable":true,"href":"https:\/\/sexshopzagues.com.mx\/tienda\/index.php?rest_route=\/wp\/v2\/media\/6451"}],"wp:attachment":[{"href":"https:\/\/sexshopzagues.com.mx\/tienda\/index.php?rest_route=%2Fwp%2Fv2%2Fmedia&parent=6450"}],"wp:term":[{"taxonomy":"product_cat","embeddable":true,"href":"https:\/\/sexshopzagues.com.mx\/tienda\/index.php?rest_route=%2Fwp%2Fv2%2Fproduct_cat&post=6450"},{"taxonomy":"product_tag","embeddable":true,"href":"https:\/\/sexshopzagues.com.mx\/tienda\/index.php?rest_route=%2Fwp%2Fv2%2Fproduct_tag&post=6450"}],"curies":[{"name":"wp","href":"https:\/\/api.w.org\/{rel}","templated":true}]}}