{"id":6409,"date":"2019-10-26T13:48:20","date_gmt":"2019-10-26T13:48:20","guid":{"rendered":"http:\/\/sexshopzagues.com.mx\/tienda\/?post_type=product&#038;p=6409"},"modified":"2023-02-23T22:43:35","modified_gmt":"2023-02-23T22:43:35","slug":"rock-hard-penis-pump","status":"publish","type":"product","link":"https:\/\/sexshopzagues.com.mx\/tienda\/?product=rock-hard-penis-pump","title":{"rendered":"Rock Hard Penis Pump"},"content":{"rendered":"<p>Aumenta el tama\u00f1o de tu confianza con esta Bomba, muy segura y f\u00e1cil de usar. Con cada tir\u00f3n del disparador, su pene se har\u00e1 mas grande y mas grueso. Es de material PVC y tiene una v\u00e1lvula de liberaci\u00f3n r\u00e1pida que alivia la presi\u00f3n con solo apretar un bot\u00f3n. Incluye un anillo para prolongar la erecci\u00f3n.<\/p>\n<ul>\n<li>Incluye anillo.<\/li>\n<li>Libre de l\u00e1tex y ftalatos.<\/li>\n<\/ul>\n","protected":false},"excerpt":{"rendered":"Bomba de vac\u00edo.","protected":false},"featured_media":6410,"comment_status":"open","ping_status":"closed","template":"","meta":[],"product_cat":[73,159,60],"product_tag":[193,77],"_links":{"self":[{"href":"https:\/\/sexshopzagues.com.mx\/tienda\/index.php?rest_route=\/wp\/v2\/product\/6409"}],"collection":[{"href":"https:\/\/sexshopzagues.com.mx\/tienda\/index.php?rest_route=\/wp\/v2\/product"}],"about":[{"href":"https:\/\/sexshopzagues.com.mx\/tienda\/index.php?rest_route=\/wp\/v2\/types\/product"}],"replies":[{"embeddable":true,"href":"https:\/\/sexshopzagues.com.mx\/tienda\/index.php?rest_route=%2Fwp%2Fv2%2Fcomments&post=6409"}],"wp:featuredmedia":[{"embeddable":true,"href":"https:\/\/sexshopzagues.com.mx\/tienda\/index.php?rest_route=\/wp\/v2\/media\/6410"}],"wp:attachment":[{"href":"https:\/\/sexshopzagues.com.mx\/tienda\/index.php?rest_route=%2Fwp%2Fv2%2Fmedia&parent=6409"}],"wp:term":[{"taxonomy":"product_cat","embeddable":true,"href":"https:\/\/sexshopzagues.com.mx\/tienda\/index.php?rest_route=%2Fwp%2Fv2%2Fproduct_cat&post=6409"},{"taxonomy":"product_tag","embeddable":true,"href":"https:\/\/sexshopzagues.com.mx\/tienda\/index.php?rest_route=%2Fwp%2Fv2%2Fproduct_tag&post=6409"}],"curies":[{"name":"wp","href":"https:\/\/api.w.org\/{rel}","templated":true}]}}