{"id":6313,"date":"2017-03-20T21:26:37","date_gmt":"2017-03-20T21:26:37","guid":{"rendered":"http:\/\/sexshopzagues.com.mx\/tienda\/?post_type=product&#038;p=6313"},"modified":"2023-03-03T02:00:09","modified_gmt":"2023-03-03T02:00:09","slug":"fetish-fantasy-series-remote-control-fantasy-panty","status":"publish","type":"product","link":"https:\/\/sexshopzagues.com.mx\/tienda\/?product=fetish-fantasy-series-remote-control-fantasy-panty","title":{"rendered":"Fetish Fantasy Series Remote Control Fantasy Panty"},"content":{"rendered":"<p>Este es un control remoto que ambos disfrutar\u00e1n! Esta discreta bala, es lo suficientemente silenciosa para llevar en tu tanga, nadie mas que t\u00fa y tu pareja lo sabr\u00e1n.<\/p>\n<p>Solo inserta la bala en la ranura de la tanga, la cual se quedar\u00e1 perfectamente en su lugar, haci\u00e9ndote disfrutar de su poderosa vibraci\u00f3n, manejada a control remoto.<\/p>\n<p>La tanga se adapta de una talla Chica hasta las XL.<\/p>\n","protected":false},"excerpt":{"rendered":"Tanga con Vibraci\u00f3n a control remoto.","protected":false},"featured_media":6314,"comment_status":"open","ping_status":"closed","template":"","meta":[],"product_cat":[72,53,57],"product_tag":[96,76],"_links":{"self":[{"href":"https:\/\/sexshopzagues.com.mx\/tienda\/index.php?rest_route=\/wp\/v2\/product\/6313"}],"collection":[{"href":"https:\/\/sexshopzagues.com.mx\/tienda\/index.php?rest_route=\/wp\/v2\/product"}],"about":[{"href":"https:\/\/sexshopzagues.com.mx\/tienda\/index.php?rest_route=\/wp\/v2\/types\/product"}],"replies":[{"embeddable":true,"href":"https:\/\/sexshopzagues.com.mx\/tienda\/index.php?rest_route=%2Fwp%2Fv2%2Fcomments&post=6313"}],"wp:featuredmedia":[{"embeddable":true,"href":"https:\/\/sexshopzagues.com.mx\/tienda\/index.php?rest_route=\/wp\/v2\/media\/6314"}],"wp:attachment":[{"href":"https:\/\/sexshopzagues.com.mx\/tienda\/index.php?rest_route=%2Fwp%2Fv2%2Fmedia&parent=6313"}],"wp:term":[{"taxonomy":"product_cat","embeddable":true,"href":"https:\/\/sexshopzagues.com.mx\/tienda\/index.php?rest_route=%2Fwp%2Fv2%2Fproduct_cat&post=6313"},{"taxonomy":"product_tag","embeddable":true,"href":"https:\/\/sexshopzagues.com.mx\/tienda\/index.php?rest_route=%2Fwp%2Fv2%2Fproduct_tag&post=6313"}],"curies":[{"name":"wp","href":"https:\/\/api.w.org\/{rel}","templated":true}]}}