{"id":6258,"date":"2017-03-17T20:38:46","date_gmt":"2017-03-17T20:38:46","guid":{"rendered":"http:\/\/sexshopzagues.com.mx\/tienda\/?product=cheap-thrills-farm-harlot"},"modified":"2023-03-03T02:02:39","modified_gmt":"2023-03-03T02:02:39","slug":"cheap-thrills-farm-harlot","status":"publish","type":"product","link":"https:\/\/sexshopzagues.com.mx\/tienda\/?product=cheap-thrills-farm-harlot","title":{"rendered":"Cheap Thrills Harlot"},"content":{"rendered":"<p>Masturbador en forma de vagina con canales texturizados que te har\u00e1n disfrutar a\u00fan mas, anat\u00f3micamente correcta, cerrado al final para una mayor succi\u00f3n. Material real\u00edstico PureSkin. muy similar a la piel, t\u00e9rmico, higi\u00e9nico, el\u00e1stico y resistente.<\/p>\n<p>Justo lo que estabas buscando!<\/p>\n<p>&nbsp;<\/p>\n<p>&nbsp;<\/p>\n","protected":false},"excerpt":{"rendered":"Masturbador en forma de vagina.","protected":false},"featured_media":6259,"comment_status":"open","ping_status":"closed","template":"","meta":[],"product_cat":[159,66],"product_tag":[75,82],"_links":{"self":[{"href":"https:\/\/sexshopzagues.com.mx\/tienda\/index.php?rest_route=\/wp\/v2\/product\/6258"}],"collection":[{"href":"https:\/\/sexshopzagues.com.mx\/tienda\/index.php?rest_route=\/wp\/v2\/product"}],"about":[{"href":"https:\/\/sexshopzagues.com.mx\/tienda\/index.php?rest_route=\/wp\/v2\/types\/product"}],"replies":[{"embeddable":true,"href":"https:\/\/sexshopzagues.com.mx\/tienda\/index.php?rest_route=%2Fwp%2Fv2%2Fcomments&post=6258"}],"wp:featuredmedia":[{"embeddable":true,"href":"https:\/\/sexshopzagues.com.mx\/tienda\/index.php?rest_route=\/wp\/v2\/media\/6259"}],"wp:attachment":[{"href":"https:\/\/sexshopzagues.com.mx\/tienda\/index.php?rest_route=%2Fwp%2Fv2%2Fmedia&parent=6258"}],"wp:term":[{"taxonomy":"product_cat","embeddable":true,"href":"https:\/\/sexshopzagues.com.mx\/tienda\/index.php?rest_route=%2Fwp%2Fv2%2Fproduct_cat&post=6258"},{"taxonomy":"product_tag","embeddable":true,"href":"https:\/\/sexshopzagues.com.mx\/tienda\/index.php?rest_route=%2Fwp%2Fv2%2Fproduct_tag&post=6258"}],"curies":[{"name":"wp","href":"https:\/\/api.w.org\/{rel}","templated":true}]}}