{"id":6084,"date":"2017-02-25T19:46:27","date_gmt":"2017-02-25T19:46:27","guid":{"rendered":"http:\/\/sexshopzagues.com.mx\/tienda\/?post_type=product&#038;p=6084"},"modified":"2023-03-03T02:06:47","modified_gmt":"2023-03-03T02:06:47","slug":"performance-enter-the-dragon","status":"publish","type":"product","link":"https:\/\/sexshopzagues.com.mx\/tienda\/?product=performance-enter-the-dragon","title":{"rendered":"Performance &#8211; Enter The Dragon"},"content":{"rendered":"<p>Funda con textura en forma de drag\u00f3n, estimular\u00e1 paredes vaginales y retardar\u00e1 eyaculaci\u00f3n gracias a la liga que se sujeta de test\u00edculos. Material suave, resistente y el\u00e1stico, se adapta a casi todos los tama\u00f1os. Seguro para la piel, libre de ftalatos.<\/p>\n","protected":false},"excerpt":{"rendered":"Funda texturizada.","protected":false},"featured_media":6085,"comment_status":"open","ping_status":"closed","template":"","meta":[],"product_cat":[69],"product_tag":[80,106],"_links":{"self":[{"href":"https:\/\/sexshopzagues.com.mx\/tienda\/index.php?rest_route=\/wp\/v2\/product\/6084"}],"collection":[{"href":"https:\/\/sexshopzagues.com.mx\/tienda\/index.php?rest_route=\/wp\/v2\/product"}],"about":[{"href":"https:\/\/sexshopzagues.com.mx\/tienda\/index.php?rest_route=\/wp\/v2\/types\/product"}],"replies":[{"embeddable":true,"href":"https:\/\/sexshopzagues.com.mx\/tienda\/index.php?rest_route=%2Fwp%2Fv2%2Fcomments&post=6084"}],"wp:featuredmedia":[{"embeddable":true,"href":"https:\/\/sexshopzagues.com.mx\/tienda\/index.php?rest_route=\/wp\/v2\/media\/6085"}],"wp:attachment":[{"href":"https:\/\/sexshopzagues.com.mx\/tienda\/index.php?rest_route=%2Fwp%2Fv2%2Fmedia&parent=6084"}],"wp:term":[{"taxonomy":"product_cat","embeddable":true,"href":"https:\/\/sexshopzagues.com.mx\/tienda\/index.php?rest_route=%2Fwp%2Fv2%2Fproduct_cat&post=6084"},{"taxonomy":"product_tag","embeddable":true,"href":"https:\/\/sexshopzagues.com.mx\/tienda\/index.php?rest_route=%2Fwp%2Fv2%2Fproduct_tag&post=6084"}],"curies":[{"name":"wp","href":"https:\/\/api.w.org\/{rel}","templated":true}]}}