{"id":6049,"date":"2017-02-21T20:42:23","date_gmt":"2017-02-21T20:42:23","guid":{"rendered":"http:\/\/sexshopzagues.com.mx\/tienda\/?product=honey-pot"},"modified":"2023-03-03T02:07:37","modified_gmt":"2023-03-03T02:07:37","slug":"honey-pot","status":"publish","type":"product","link":"https:\/\/sexshopzagues.com.mx\/tienda\/?product=honey-pot","title":{"rendered":"Honey Pot"},"content":{"rendered":"<p>Estimulante masturbador con penetraci\u00f3n vaginal, de material X5 real\u00edstico y libre de ftalatos. Canales texturizados para brindarte aun mas placer. Vibraci\u00f3n regulable.<\/p>\n<p>Higi\u00e9nica y f\u00e1cil de limpiar, mantenla en optimas condiciones con un poco de talco despu\u00e9s de lavar y secar.<\/p>\n<p>Lo mejor para el placer a solas.<\/p>\n","protected":false},"excerpt":{"rendered":"Masturbador en forma de vagina","protected":false},"featured_media":6050,"comment_status":"open","ping_status":"closed","template":"","meta":[],"product_cat":[66],"product_tag":[80,82],"_links":{"self":[{"href":"https:\/\/sexshopzagues.com.mx\/tienda\/index.php?rest_route=\/wp\/v2\/product\/6049"}],"collection":[{"href":"https:\/\/sexshopzagues.com.mx\/tienda\/index.php?rest_route=\/wp\/v2\/product"}],"about":[{"href":"https:\/\/sexshopzagues.com.mx\/tienda\/index.php?rest_route=\/wp\/v2\/types\/product"}],"replies":[{"embeddable":true,"href":"https:\/\/sexshopzagues.com.mx\/tienda\/index.php?rest_route=%2Fwp%2Fv2%2Fcomments&post=6049"}],"wp:featuredmedia":[{"embeddable":true,"href":"https:\/\/sexshopzagues.com.mx\/tienda\/index.php?rest_route=\/wp\/v2\/media\/6050"}],"wp:attachment":[{"href":"https:\/\/sexshopzagues.com.mx\/tienda\/index.php?rest_route=%2Fwp%2Fv2%2Fmedia&parent=6049"}],"wp:term":[{"taxonomy":"product_cat","embeddable":true,"href":"https:\/\/sexshopzagues.com.mx\/tienda\/index.php?rest_route=%2Fwp%2Fv2%2Fproduct_cat&post=6049"},{"taxonomy":"product_tag","embeddable":true,"href":"https:\/\/sexshopzagues.com.mx\/tienda\/index.php?rest_route=%2Fwp%2Fv2%2Fproduct_tag&post=6049"}],"curies":[{"name":"wp","href":"https:\/\/api.w.org\/{rel}","templated":true}]}}