{"id":5933,"date":"2017-02-11T21:58:13","date_gmt":"2017-02-11T21:58:13","guid":{"rendered":"http:\/\/sexshopzagues.com.mx\/tienda\/?post_type=product&#038;p=5933"},"modified":"2023-03-03T02:11:47","modified_gmt":"2023-03-03T02:11:47","slug":"encounter-amazing-clitoralg-spot-lube-2oz","status":"publish","type":"product","link":"https:\/\/sexshopzagues.com.mx\/tienda\/?product=encounter-amazing-clitoralg-spot-lube-2oz","title":{"rendered":"Lubricante Amazing Encounter Clitoral\/G Spot Lube 2oz"},"content":{"rendered":"<div id=\"id_589f884b29d911868626373\" class=\"text_exposed_root text_exposed\">\n<p><span class=\"text_exposed_show\">Linea de lubricantes veganos de Encounter, libres de glicerina y parabenos, hipoalerg\u00e9nicos.<\/span><\/p>\n<p>Lubricante que aumenta el placer ya que estimula cl\u00edtoris y punto g haciendo m\u00e1s sensibles paredes vaginales, gracias a su compuesto de arginina.<\/p>\n<p>Amazing Encounter es seguro, duradero y suave para la piel. Formulado con vitamina E y arginina.<\/p>\n<p>Base agua, compatible con el l\u00e1tex. Contiene 2oz.<\/p>\n<\/div>\n<div id=\"fbPhotoSnowliftProductsTagList\" class=\"pts fbPhotoProductsTagList\"><\/div>\n<div id=\"fbPhotoSnowliftLegacyTagList\" class=\"pts fbPhotoLegacyTagList\"><\/div>\n<div id=\"fbPhotoSnowliftCallToActionButton\" class=\"fbPhotosPhotoButtons\"><\/div>\n<div id=\"fbPhotoSnowliftOwnerButtons\" class=\"mvm fbPhotosPhotoOwnerButtons stat_elem\"><\/div>\n","protected":false},"excerpt":{"rendered":"<b><span>Amazing Encounter Clitoral \/ G Spot<\/span><\/b><span>\u00a0\u00a0est\u00e1 impregnada de arginina para aumentar el placer y la sensaci\u00f3n del cl\u00edtoris y el punto G.\u00a0Formulado con vitamina E y sin glicerina, Amazing Encounter es seguro, duradero y suave para la piel<\/span>.","protected":false},"featured_media":12380,"comment_status":"open","ping_status":"closed","template":"","meta":[],"product_cat":[102,59],"product_tag":[100,94,119,103,86],"_links":{"self":[{"href":"https:\/\/sexshopzagues.com.mx\/tienda\/index.php?rest_route=\/wp\/v2\/product\/5933"}],"collection":[{"href":"https:\/\/sexshopzagues.com.mx\/tienda\/index.php?rest_route=\/wp\/v2\/product"}],"about":[{"href":"https:\/\/sexshopzagues.com.mx\/tienda\/index.php?rest_route=\/wp\/v2\/types\/product"}],"replies":[{"embeddable":true,"href":"https:\/\/sexshopzagues.com.mx\/tienda\/index.php?rest_route=%2Fwp%2Fv2%2Fcomments&post=5933"}],"wp:featuredmedia":[{"embeddable":true,"href":"https:\/\/sexshopzagues.com.mx\/tienda\/index.php?rest_route=\/wp\/v2\/media\/12380"}],"wp:attachment":[{"href":"https:\/\/sexshopzagues.com.mx\/tienda\/index.php?rest_route=%2Fwp%2Fv2%2Fmedia&parent=5933"}],"wp:term":[{"taxonomy":"product_cat","embeddable":true,"href":"https:\/\/sexshopzagues.com.mx\/tienda\/index.php?rest_route=%2Fwp%2Fv2%2Fproduct_cat&post=5933"},{"taxonomy":"product_tag","embeddable":true,"href":"https:\/\/sexshopzagues.com.mx\/tienda\/index.php?rest_route=%2Fwp%2Fv2%2Fproduct_tag&post=5933"}],"curies":[{"name":"wp","href":"https:\/\/api.w.org\/{rel}","templated":true}]}}