{"id":5866,"date":"2017-02-06T20:25:57","date_gmt":"2017-02-06T20:25:57","guid":{"rendered":"http:\/\/sexshopzagues.com.mx\/tienda\/?post_type=product&#038;p=5866"},"modified":"2023-03-03T02:12:45","modified_gmt":"2023-03-03T02:12:45","slug":"fetish-fantasy-limited-edition-masquerade-mask-ball-gag","status":"publish","type":"product","link":"https:\/\/sexshopzagues.com.mx\/tienda\/?product=fetish-fantasy-limited-edition-masquerade-mask-ball-gag","title":{"rendered":"Fetish Fantasy Limited Edition Masquerade Mask &amp; Ball Gag"},"content":{"rendered":"<p>Ens\u00e9\u00f1ele a su amante el significado de la sumisi\u00f3n con este kit de Antifaz y mordaza. A diferencia de las ball gag ordinarias, esta mordaza cuenta con bola respirable, pues tiene agujeros para permitir entrada de aire y poder respirar. Tanto el antifaz como la mordaza, son ajustables y se adaptan f\u00e1cilmente.<\/p>\n","protected":false},"excerpt":{"rendered":"Antifaz y mordaza (ball gag).","protected":false},"featured_media":5867,"comment_status":"open","ping_status":"closed","template":"","meta":[],"product_cat":[160,65,53],"product_tag":[76,124],"_links":{"self":[{"href":"https:\/\/sexshopzagues.com.mx\/tienda\/index.php?rest_route=\/wp\/v2\/product\/5866"}],"collection":[{"href":"https:\/\/sexshopzagues.com.mx\/tienda\/index.php?rest_route=\/wp\/v2\/product"}],"about":[{"href":"https:\/\/sexshopzagues.com.mx\/tienda\/index.php?rest_route=\/wp\/v2\/types\/product"}],"replies":[{"embeddable":true,"href":"https:\/\/sexshopzagues.com.mx\/tienda\/index.php?rest_route=%2Fwp%2Fv2%2Fcomments&post=5866"}],"wp:featuredmedia":[{"embeddable":true,"href":"https:\/\/sexshopzagues.com.mx\/tienda\/index.php?rest_route=\/wp\/v2\/media\/5867"}],"wp:attachment":[{"href":"https:\/\/sexshopzagues.com.mx\/tienda\/index.php?rest_route=%2Fwp%2Fv2%2Fmedia&parent=5866"}],"wp:term":[{"taxonomy":"product_cat","embeddable":true,"href":"https:\/\/sexshopzagues.com.mx\/tienda\/index.php?rest_route=%2Fwp%2Fv2%2Fproduct_cat&post=5866"},{"taxonomy":"product_tag","embeddable":true,"href":"https:\/\/sexshopzagues.com.mx\/tienda\/index.php?rest_route=%2Fwp%2Fv2%2Fproduct_tag&post=5866"}],"curies":[{"name":"wp","href":"https:\/\/api.w.org\/{rel}","templated":true}]}}