{"id":5862,"date":"2017-02-06T18:46:36","date_gmt":"2017-02-06T18:46:36","guid":{"rendered":"http:\/\/sexshopzagues.com.mx\/tienda\/?product=fetish-fantasy-limited-edition-love-paddle"},"modified":"2023-03-03T02:13:22","modified_gmt":"2023-03-03T02:13:22","slug":"fetish-fantasy-limited-edition-love-paddle","status":"publish","type":"product","link":"https:\/\/sexshopzagues.com.mx\/tienda\/?product=fetish-fantasy-limited-edition-love-paddle","title":{"rendered":"Fetish Fantasy Limited Edition Love Paddle"},"content":{"rendered":"<p>Az\u00f3tala (o). Un solo golpe, una sola nalgada con esta firme paleta y su pareja sabr\u00e1 quien est\u00e1 a cargo. Entra al juego del castigo, nunca doli\u00f3 tan bien!<\/p>\n","protected":false},"excerpt":{"rendered":"Paleta para azotes.","protected":false},"featured_media":5863,"comment_status":"open","ping_status":"closed","template":"","meta":[],"product_cat":[73,53],"product_tag":[76],"_links":{"self":[{"href":"https:\/\/sexshopzagues.com.mx\/tienda\/index.php?rest_route=\/wp\/v2\/product\/5862"}],"collection":[{"href":"https:\/\/sexshopzagues.com.mx\/tienda\/index.php?rest_route=\/wp\/v2\/product"}],"about":[{"href":"https:\/\/sexshopzagues.com.mx\/tienda\/index.php?rest_route=\/wp\/v2\/types\/product"}],"replies":[{"embeddable":true,"href":"https:\/\/sexshopzagues.com.mx\/tienda\/index.php?rest_route=%2Fwp%2Fv2%2Fcomments&post=5862"}],"wp:featuredmedia":[{"embeddable":true,"href":"https:\/\/sexshopzagues.com.mx\/tienda\/index.php?rest_route=\/wp\/v2\/media\/5863"}],"wp:attachment":[{"href":"https:\/\/sexshopzagues.com.mx\/tienda\/index.php?rest_route=%2Fwp%2Fv2%2Fmedia&parent=5862"}],"wp:term":[{"taxonomy":"product_cat","embeddable":true,"href":"https:\/\/sexshopzagues.com.mx\/tienda\/index.php?rest_route=%2Fwp%2Fv2%2Fproduct_cat&post=5862"},{"taxonomy":"product_tag","embeddable":true,"href":"https:\/\/sexshopzagues.com.mx\/tienda\/index.php?rest_route=%2Fwp%2Fv2%2Fproduct_tag&post=5862"}],"curies":[{"name":"wp","href":"https:\/\/api.w.org\/{rel}","templated":true}]}}