{"id":5803,"date":"2017-01-27T23:02:17","date_gmt":"2017-01-27T23:02:17","guid":{"rendered":"http:\/\/sexshopzagues.com.mx\/tienda\/?post_type=product&#038;p=5803"},"modified":"2023-03-03T02:16:46","modified_gmt":"2023-03-03T02:16:46","slug":"penis-sleeve-kits-black","status":"publish","type":"product","link":"https:\/\/sexshopzagues.com.mx\/tienda\/?product=penis-sleeve-kits-black","title":{"rendered":"Penis Sleeve Kits Black"},"content":{"rendered":"<p>Kit de 7 anillos largos, 1 de ellos mas largo tipo funda. Ayudan a mejorar la erecci\u00f3n y a retardar eyaculaci\u00f3n, cada uno con distinta textura que estimular\u00e1 paredes vaginales.<\/p>\n<p>Puedes colocarlo a distintas alturas del miembro. Material el\u00e1stico, libre de ftalatos e higi\u00e9nico.<\/p>\n","protected":false},"excerpt":{"rendered":"Kit de 7 anillos largos con texturas diferentes auxiliar para mantener la erecci\u00f3n y retardar la eyaculacion","protected":false},"featured_media":5804,"comment_status":"open","ping_status":"closed","template":"","meta":[],"product_cat":[159,62,69],"product_tag":[175,77,189],"_links":{"self":[{"href":"https:\/\/sexshopzagues.com.mx\/tienda\/index.php?rest_route=\/wp\/v2\/product\/5803"}],"collection":[{"href":"https:\/\/sexshopzagues.com.mx\/tienda\/index.php?rest_route=\/wp\/v2\/product"}],"about":[{"href":"https:\/\/sexshopzagues.com.mx\/tienda\/index.php?rest_route=\/wp\/v2\/types\/product"}],"replies":[{"embeddable":true,"href":"https:\/\/sexshopzagues.com.mx\/tienda\/index.php?rest_route=%2Fwp%2Fv2%2Fcomments&post=5803"}],"wp:featuredmedia":[{"embeddable":true,"href":"https:\/\/sexshopzagues.com.mx\/tienda\/index.php?rest_route=\/wp\/v2\/media\/5804"}],"wp:attachment":[{"href":"https:\/\/sexshopzagues.com.mx\/tienda\/index.php?rest_route=%2Fwp%2Fv2%2Fmedia&parent=5803"}],"wp:term":[{"taxonomy":"product_cat","embeddable":true,"href":"https:\/\/sexshopzagues.com.mx\/tienda\/index.php?rest_route=%2Fwp%2Fv2%2Fproduct_cat&post=5803"},{"taxonomy":"product_tag","embeddable":true,"href":"https:\/\/sexshopzagues.com.mx\/tienda\/index.php?rest_route=%2Fwp%2Fv2%2Fproduct_tag&post=5803"}],"curies":[{"name":"wp","href":"https:\/\/api.w.org\/{rel}","templated":true}]}}