{"id":5776,"date":"2017-01-26T20:19:29","date_gmt":"2017-01-26T20:19:29","guid":{"rendered":"http:\/\/sexshopzagues.com.mx\/tienda\/?post_type=product&#038;p=5776"},"modified":"2023-03-03T02:17:08","modified_gmt":"2023-03-03T02:17:08","slug":"his-enlargement-kit","status":"publish","type":"product","link":"https:\/\/sexshopzagues.com.mx\/tienda\/?product=his-enlargement-kit","title":{"rendered":"His Enlargement Kit"},"content":{"rendered":"<p>Kit de plug anal 100% silic\u00f3n grado m\u00e9dico y 3 ligas el\u00e1sticas.<\/p>\n<p>Plug de textura lisa y suave, cuenta con base para una f\u00e1cil inserci\u00f3n y extracci\u00f3n. Ligas de diferentes texturas, retardan eyaculaci\u00f3n y mejoran erecci\u00f3n, puedes posicionarlas en distintas zonas del pene (base, medio, glande).<\/p>\n<p>Medida del plug: 7.3cm x 2.5cm.<\/p>\n","protected":false},"excerpt":{"rendered":"Kit de plug con ligas para retardar.","protected":false},"featured_media":5777,"comment_status":"open","ping_status":"closed","template":"","meta":[],"product_cat":[62,56,65],"product_tag":[77,92],"_links":{"self":[{"href":"https:\/\/sexshopzagues.com.mx\/tienda\/index.php?rest_route=\/wp\/v2\/product\/5776"}],"collection":[{"href":"https:\/\/sexshopzagues.com.mx\/tienda\/index.php?rest_route=\/wp\/v2\/product"}],"about":[{"href":"https:\/\/sexshopzagues.com.mx\/tienda\/index.php?rest_route=\/wp\/v2\/types\/product"}],"replies":[{"embeddable":true,"href":"https:\/\/sexshopzagues.com.mx\/tienda\/index.php?rest_route=%2Fwp%2Fv2%2Fcomments&post=5776"}],"wp:featuredmedia":[{"embeddable":true,"href":"https:\/\/sexshopzagues.com.mx\/tienda\/index.php?rest_route=\/wp\/v2\/media\/5777"}],"wp:attachment":[{"href":"https:\/\/sexshopzagues.com.mx\/tienda\/index.php?rest_route=%2Fwp%2Fv2%2Fmedia&parent=5776"}],"wp:term":[{"taxonomy":"product_cat","embeddable":true,"href":"https:\/\/sexshopzagues.com.mx\/tienda\/index.php?rest_route=%2Fwp%2Fv2%2Fproduct_cat&post=5776"},{"taxonomy":"product_tag","embeddable":true,"href":"https:\/\/sexshopzagues.com.mx\/tienda\/index.php?rest_route=%2Fwp%2Fv2%2Fproduct_tag&post=5776"}],"curies":[{"name":"wp","href":"https:\/\/api.w.org\/{rel}","templated":true}]}}