{"id":5762,"date":"2017-01-19T01:14:07","date_gmt":"2017-01-19T01:14:07","guid":{"rendered":"http:\/\/sexshopzagues.com.mx\/tienda\/?post_type=product&#038;p=5762"},"modified":"2023-03-03T02:17:35","modified_gmt":"2023-03-03T02:17:35","slug":"fetish-fantasy-series-penetrix-strap-on-flesh","status":"publish","type":"product","link":"https:\/\/sexshopzagues.com.mx\/tienda\/?product=fetish-fantasy-series-penetrix-strap-on-flesh","title":{"rendered":"Fetish Fantasy Series Penetrix Strap-on Flesh"},"content":{"rendered":"<p>El arn\u00e9s perfecto para principiantes o quienes buscan algo discreto. Arn\u00e9s ajustable con vibrador libre de ftalatos. Vibraci\u00f3n regulable, caja con clip que se puede insertar en el tirante del arn\u00e9s, para hacerlo pr\u00e1ctico.<\/p>\n<p>Medidas del dildo: 15cm x 2.5cm aprox.<\/p>\n","protected":false},"excerpt":{"rendered":"Arn\u00e9s con vibrador de 15cm","protected":false},"featured_media":5763,"comment_status":"open","ping_status":"closed","template":"","meta":[],"product_cat":[63,58],"product_tag":[194,209,76],"_links":{"self":[{"href":"https:\/\/sexshopzagues.com.mx\/tienda\/index.php?rest_route=\/wp\/v2\/product\/5762"}],"collection":[{"href":"https:\/\/sexshopzagues.com.mx\/tienda\/index.php?rest_route=\/wp\/v2\/product"}],"about":[{"href":"https:\/\/sexshopzagues.com.mx\/tienda\/index.php?rest_route=\/wp\/v2\/types\/product"}],"replies":[{"embeddable":true,"href":"https:\/\/sexshopzagues.com.mx\/tienda\/index.php?rest_route=%2Fwp%2Fv2%2Fcomments&post=5762"}],"wp:featuredmedia":[{"embeddable":true,"href":"https:\/\/sexshopzagues.com.mx\/tienda\/index.php?rest_route=\/wp\/v2\/media\/5763"}],"wp:attachment":[{"href":"https:\/\/sexshopzagues.com.mx\/tienda\/index.php?rest_route=%2Fwp%2Fv2%2Fmedia&parent=5762"}],"wp:term":[{"taxonomy":"product_cat","embeddable":true,"href":"https:\/\/sexshopzagues.com.mx\/tienda\/index.php?rest_route=%2Fwp%2Fv2%2Fproduct_cat&post=5762"},{"taxonomy":"product_tag","embeddable":true,"href":"https:\/\/sexshopzagues.com.mx\/tienda\/index.php?rest_route=%2Fwp%2Fv2%2Fproduct_tag&post=5762"}],"curies":[{"name":"wp","href":"https:\/\/api.w.org\/{rel}","templated":true}]}}