{"id":5717,"date":"2017-01-16T20:39:38","date_gmt":"2017-01-16T20:39:38","guid":{"rendered":"http:\/\/sexshopzagues.com.mx\/tienda\/?product=king-cock-7-vibrating-cock-with-balls-flesh"},"modified":"2023-03-03T02:19:04","modified_gmt":"2023-03-03T02:19:04","slug":"king-cock-7-vibrating-cock-with-balls-flesh","status":"publish","type":"product","link":"https:\/\/sexshopzagues.com.mx\/tienda\/?product=king-cock-7-vibrating-cock-with-balls-flesh","title":{"rendered":"King Cock 7 Vibrating Cock with Balls Flesh"},"content":{"rendered":"<p>Los nuevos vibradores King Cock de Pipedream, son los m\u00e1s realistas del mundo! Detalles hecho a mano, para brindarle la experiencia m\u00e1s realista imaginada.<\/p>\n<p>Su eje multiposici\u00f3n le permite posarlo en la direcci\u00f3n deseada, amold\u00e1ndose asi al contorno de su cuerpo, mientas que el poderoso motor le proporciona vibraciones de largo alcance. \u00a0Cuenta con ventosa de succi\u00f3n que se adhiere a casi cualquier superficie lisa, compatible con arn\u00e9s.<\/p>\n<p>A prueba de agua, libre de ftalatos, vibraci\u00f3n regulable, vertebrado. Medidas: (insertable)\u00a012.7X4.1CM.<\/p>\n<p>&nbsp;<\/p>\n<p>&nbsp;<\/p>\n","protected":false},"excerpt":{"rendered":"Vibrador realista, multiposici\u00f3n (vertebrado).","protected":false},"featured_media":5718,"comment_status":"open","ping_status":"closed","template":"","meta":[],"product_cat":[72,57],"product_tag":[96,84,82,89,76,85],"_links":{"self":[{"href":"https:\/\/sexshopzagues.com.mx\/tienda\/index.php?rest_route=\/wp\/v2\/product\/5717"}],"collection":[{"href":"https:\/\/sexshopzagues.com.mx\/tienda\/index.php?rest_route=\/wp\/v2\/product"}],"about":[{"href":"https:\/\/sexshopzagues.com.mx\/tienda\/index.php?rest_route=\/wp\/v2\/types\/product"}],"replies":[{"embeddable":true,"href":"https:\/\/sexshopzagues.com.mx\/tienda\/index.php?rest_route=%2Fwp%2Fv2%2Fcomments&post=5717"}],"wp:featuredmedia":[{"embeddable":true,"href":"https:\/\/sexshopzagues.com.mx\/tienda\/index.php?rest_route=\/wp\/v2\/media\/5718"}],"wp:attachment":[{"href":"https:\/\/sexshopzagues.com.mx\/tienda\/index.php?rest_route=%2Fwp%2Fv2%2Fmedia&parent=5717"}],"wp:term":[{"taxonomy":"product_cat","embeddable":true,"href":"https:\/\/sexshopzagues.com.mx\/tienda\/index.php?rest_route=%2Fwp%2Fv2%2Fproduct_cat&post=5717"},{"taxonomy":"product_tag","embeddable":true,"href":"https:\/\/sexshopzagues.com.mx\/tienda\/index.php?rest_route=%2Fwp%2Fv2%2Fproduct_tag&post=5717"}],"curies":[{"name":"wp","href":"https:\/\/api.w.org\/{rel}","templated":true}]}}