{"id":5637,"date":"2017-01-07T20:59:15","date_gmt":"2017-01-07T20:59:15","guid":{"rendered":"http:\/\/sexshopzagues.com.mx\/tienda\/?post_type=product&#038;p=5637"},"modified":"2021-09-04T19:56:58","modified_gmt":"2021-09-04T19:56:58","slug":"pipedream-extreme-juicy-cyber-snatch","status":"publish","type":"product","link":"https:\/\/sexshopzagues.com.mx\/tienda\/?product=pipedream-extreme-juicy-cyber-snatch","title":{"rendered":"Pipedream Extreme Juicy Cyber Snatch"},"content":{"rendered":"<p>Masturbador que simula vagina, estrecha, en material tipo gel libre de ftalatos, resistente, canales texturizados, el\u00e1stico y f\u00e1cil de lavar. Textura externa que se adapta a la mano, facilitando ejercer presi\u00f3n para una mayor estimulaci\u00f3n. Medidas: 14&#215;5.1&#215;6.4cm. Incluye muestra de limpiador y lubricante.<\/p>\n","protected":false},"excerpt":{"rendered":"Masturbador tipo vagina, en gel.","protected":false},"featured_media":5638,"comment_status":"open","ping_status":"closed","template":"","meta":[],"product_cat":[72,66],"product_tag":[76],"_links":{"self":[{"href":"https:\/\/sexshopzagues.com.mx\/tienda\/index.php?rest_route=\/wp\/v2\/product\/5637"}],"collection":[{"href":"https:\/\/sexshopzagues.com.mx\/tienda\/index.php?rest_route=\/wp\/v2\/product"}],"about":[{"href":"https:\/\/sexshopzagues.com.mx\/tienda\/index.php?rest_route=\/wp\/v2\/types\/product"}],"replies":[{"embeddable":true,"href":"https:\/\/sexshopzagues.com.mx\/tienda\/index.php?rest_route=%2Fwp%2Fv2%2Fcomments&post=5637"}],"wp:featuredmedia":[{"embeddable":true,"href":"https:\/\/sexshopzagues.com.mx\/tienda\/index.php?rest_route=\/wp\/v2\/media\/5638"}],"wp:attachment":[{"href":"https:\/\/sexshopzagues.com.mx\/tienda\/index.php?rest_route=%2Fwp%2Fv2%2Fmedia&parent=5637"}],"wp:term":[{"taxonomy":"product_cat","embeddable":true,"href":"https:\/\/sexshopzagues.com.mx\/tienda\/index.php?rest_route=%2Fwp%2Fv2%2Fproduct_cat&post=5637"},{"taxonomy":"product_tag","embeddable":true,"href":"https:\/\/sexshopzagues.com.mx\/tienda\/index.php?rest_route=%2Fwp%2Fv2%2Fproduct_tag&post=5637"}],"curies":[{"name":"wp","href":"https:\/\/api.w.org\/{rel}","templated":true}]}}