{"id":5623,"date":"2017-01-05T22:53:58","date_gmt":"2017-01-05T22:53:58","guid":{"rendered":"http:\/\/sexshopzagues.com.mx\/tienda\/?post_type=product&#038;p=5623"},"modified":"2023-03-03T02:30:22","modified_gmt":"2023-03-03T02:30:22","slug":"fetish-fantasy-series-fantasy-web-bed-restraint-system","status":"publish","type":"product","link":"https:\/\/sexshopzagues.com.mx\/tienda\/?product=fetish-fantasy-series-fantasy-web-bed-restraint-system","title":{"rendered":"Fetish Fantasy Series Fantasy Web Bed Restraint System"},"content":{"rendered":"<p>Haz que caiga en tus redes! Incre\u00edble sistema para sujetar, tipo telara\u00f1a, dom\u00ednala (o). Muy f\u00e1cil de instalar en la cama y super resistente. Experimenta, explota tu imaginaci\u00f3n al m\u00e1ximo.<\/p>\n<p>Nylon Fantasy Web, 4 pu\u00f1os ajustables, Funciona en cualquier tama\u00f1o de colch\u00f3n, Incluye tambien Satin Love M\u00e1scara.<\/p>\n","protected":false},"excerpt":{"rendered":"Sistema para sujetar tipo telara\u00f1a","protected":false},"featured_media":5624,"comment_status":"open","ping_status":"closed","template":"","meta":[],"product_cat":[160,53],"product_tag":[76],"_links":{"self":[{"href":"https:\/\/sexshopzagues.com.mx\/tienda\/index.php?rest_route=\/wp\/v2\/product\/5623"}],"collection":[{"href":"https:\/\/sexshopzagues.com.mx\/tienda\/index.php?rest_route=\/wp\/v2\/product"}],"about":[{"href":"https:\/\/sexshopzagues.com.mx\/tienda\/index.php?rest_route=\/wp\/v2\/types\/product"}],"replies":[{"embeddable":true,"href":"https:\/\/sexshopzagues.com.mx\/tienda\/index.php?rest_route=%2Fwp%2Fv2%2Fcomments&post=5623"}],"wp:featuredmedia":[{"embeddable":true,"href":"https:\/\/sexshopzagues.com.mx\/tienda\/index.php?rest_route=\/wp\/v2\/media\/5624"}],"wp:attachment":[{"href":"https:\/\/sexshopzagues.com.mx\/tienda\/index.php?rest_route=%2Fwp%2Fv2%2Fmedia&parent=5623"}],"wp:term":[{"taxonomy":"product_cat","embeddable":true,"href":"https:\/\/sexshopzagues.com.mx\/tienda\/index.php?rest_route=%2Fwp%2Fv2%2Fproduct_cat&post=5623"},{"taxonomy":"product_tag","embeddable":true,"href":"https:\/\/sexshopzagues.com.mx\/tienda\/index.php?rest_route=%2Fwp%2Fv2%2Fproduct_tag&post=5623"}],"curies":[{"name":"wp","href":"https:\/\/api.w.org\/{rel}","templated":true}]}}