{"id":5582,"date":"2016-12-16T21:53:12","date_gmt":"2016-12-16T21:53:12","guid":{"rendered":"http:\/\/sexshopzagues.com.mx\/tienda\/?post_type=product&#038;p=5582"},"modified":"2023-03-03T02:35:12","modified_gmt":"2023-03-03T02:35:12","slug":"crush-sugar-plum-purple","status":"publish","type":"product","link":"https:\/\/sexshopzagues.com.mx\/tienda\/?product=crush-sugar-plum-purple","title":{"rendered":"Crush Sugar Plum Purple"},"content":{"rendered":"<p>Vibrador de silic\u00f3n grado m\u00e9dico, material hipo alerg\u00e9nico. Cuenta con dos poderosos motores sincronizados y 10 velocidades de vibraci\u00f3n, pulsaci\u00f3n y escalas, manipuladas por bot\u00f3n; masajeador para estimular cl\u00edtoris, flexible &#8220;se mueve contigo&#8221; curvas ergon\u00f3micas. A prueba de agua.<\/p>\n","protected":false},"excerpt":{"rendered":"Vibrador ergon\u00f3mico, super potente de 10 frecuencias.","protected":false},"featured_media":5583,"comment_status":"open","ping_status":"closed","template":"","meta":[],"product_cat":[57],"product_tag":[96,91,92,76,86],"_links":{"self":[{"href":"https:\/\/sexshopzagues.com.mx\/tienda\/index.php?rest_route=\/wp\/v2\/product\/5582"}],"collection":[{"href":"https:\/\/sexshopzagues.com.mx\/tienda\/index.php?rest_route=\/wp\/v2\/product"}],"about":[{"href":"https:\/\/sexshopzagues.com.mx\/tienda\/index.php?rest_route=\/wp\/v2\/types\/product"}],"replies":[{"embeddable":true,"href":"https:\/\/sexshopzagues.com.mx\/tienda\/index.php?rest_route=%2Fwp%2Fv2%2Fcomments&post=5582"}],"wp:featuredmedia":[{"embeddable":true,"href":"https:\/\/sexshopzagues.com.mx\/tienda\/index.php?rest_route=\/wp\/v2\/media\/5583"}],"wp:attachment":[{"href":"https:\/\/sexshopzagues.com.mx\/tienda\/index.php?rest_route=%2Fwp%2Fv2%2Fmedia&parent=5582"}],"wp:term":[{"taxonomy":"product_cat","embeddable":true,"href":"https:\/\/sexshopzagues.com.mx\/tienda\/index.php?rest_route=%2Fwp%2Fv2%2Fproduct_cat&post=5582"},{"taxonomy":"product_tag","embeddable":true,"href":"https:\/\/sexshopzagues.com.mx\/tienda\/index.php?rest_route=%2Fwp%2Fv2%2Fproduct_tag&post=5582"}],"curies":[{"name":"wp","href":"https:\/\/api.w.org\/{rel}","templated":true}]}}