{"id":5539,"date":"2016-12-15T23:05:43","date_gmt":"2016-12-15T23:05:43","guid":{"rendered":"http:\/\/sexshopzagues.com.mx\/tienda\/?post_type=product&#038;p=5539"},"modified":"2023-03-03T02:36:06","modified_gmt":"2023-03-03T02:36:06","slug":"crush-boo-blue","status":"publish","type":"product","link":"https:\/\/sexshopzagues.com.mx\/tienda\/?product=crush-boo-blue","title":{"rendered":"Crush Boo Blue"},"content":{"rendered":"<p>Mini vibrador ultra potente, ll\u00e9valo contigo a donde quieras, discreto y no hace ruido. Cuenta con 10 velocidades de vibraci\u00f3n, pulsaci\u00f3n y escalas. A prueba de agua. Material de silic\u00f3n. Medidas: 5.5cm<\/p>\n","protected":false},"excerpt":{"rendered":"Mini vibrador ultra potente, ll\u00e9valo contigo a donde quieras, discreto y no hace ruido. Cuenta con 10 velocidades de vibraci\u00f3n, pulsaci\u00f3n y escalas. A prueba de agua. Material de silic\u00f3n. Medidas: 5.5cm","protected":false},"featured_media":5540,"comment_status":"open","ping_status":"closed","template":"","meta":[],"product_cat":[182,57],"product_tag":[96,83,91,92,76],"_links":{"self":[{"href":"https:\/\/sexshopzagues.com.mx\/tienda\/index.php?rest_route=\/wp\/v2\/product\/5539"}],"collection":[{"href":"https:\/\/sexshopzagues.com.mx\/tienda\/index.php?rest_route=\/wp\/v2\/product"}],"about":[{"href":"https:\/\/sexshopzagues.com.mx\/tienda\/index.php?rest_route=\/wp\/v2\/types\/product"}],"replies":[{"embeddable":true,"href":"https:\/\/sexshopzagues.com.mx\/tienda\/index.php?rest_route=%2Fwp%2Fv2%2Fcomments&post=5539"}],"wp:featuredmedia":[{"embeddable":true,"href":"https:\/\/sexshopzagues.com.mx\/tienda\/index.php?rest_route=\/wp\/v2\/media\/5540"}],"wp:attachment":[{"href":"https:\/\/sexshopzagues.com.mx\/tienda\/index.php?rest_route=%2Fwp%2Fv2%2Fmedia&parent=5539"}],"wp:term":[{"taxonomy":"product_cat","embeddable":true,"href":"https:\/\/sexshopzagues.com.mx\/tienda\/index.php?rest_route=%2Fwp%2Fv2%2Fproduct_cat&post=5539"},{"taxonomy":"product_tag","embeddable":true,"href":"https:\/\/sexshopzagues.com.mx\/tienda\/index.php?rest_route=%2Fwp%2Fv2%2Fproduct_tag&post=5539"}],"curies":[{"name":"wp","href":"https:\/\/api.w.org\/{rel}","templated":true}]}}