{"id":5535,"date":"2016-12-15T22:56:25","date_gmt":"2016-12-15T22:56:25","guid":{"rendered":"http:\/\/sexshopzagues.com.mx\/tienda\/?post_type=product&#038;p=5535"},"modified":"2023-03-03T02:36:25","modified_gmt":"2023-03-03T02:36:25","slug":"crush-big-boy-blue","status":"publish","type":"product","link":"https:\/\/sexshopzagues.com.mx\/tienda\/?product=crush-big-boy-blue","title":{"rendered":"Crush Big Boy Blue"},"content":{"rendered":"<p>Vibrador de silic\u00f3n grado m\u00e9dico, material hipo alerg\u00e9nico. Cuenta con dos poderosos motores sincronizados y 10 velocidades de vibraci\u00f3n, pulsaci\u00f3n y escalas; masajeador para estimular cl\u00edtoris, flexible &#8220;se mueve contigo&#8221; curvas anat\u00f3micas. A prueba de agua.<\/p>\n","protected":false},"excerpt":{"rendered":"Vibrador super potente de 10 frecuencias.","protected":false},"featured_media":5536,"comment_status":"open","ping_status":"closed","template":"","meta":[],"product_cat":[57],"product_tag":[96,94,91,92,76,86],"_links":{"self":[{"href":"https:\/\/sexshopzagues.com.mx\/tienda\/index.php?rest_route=\/wp\/v2\/product\/5535"}],"collection":[{"href":"https:\/\/sexshopzagues.com.mx\/tienda\/index.php?rest_route=\/wp\/v2\/product"}],"about":[{"href":"https:\/\/sexshopzagues.com.mx\/tienda\/index.php?rest_route=\/wp\/v2\/types\/product"}],"replies":[{"embeddable":true,"href":"https:\/\/sexshopzagues.com.mx\/tienda\/index.php?rest_route=%2Fwp%2Fv2%2Fcomments&post=5535"}],"wp:featuredmedia":[{"embeddable":true,"href":"https:\/\/sexshopzagues.com.mx\/tienda\/index.php?rest_route=\/wp\/v2\/media\/5536"}],"wp:attachment":[{"href":"https:\/\/sexshopzagues.com.mx\/tienda\/index.php?rest_route=%2Fwp%2Fv2%2Fmedia&parent=5535"}],"wp:term":[{"taxonomy":"product_cat","embeddable":true,"href":"https:\/\/sexshopzagues.com.mx\/tienda\/index.php?rest_route=%2Fwp%2Fv2%2Fproduct_cat&post=5535"},{"taxonomy":"product_tag","embeddable":true,"href":"https:\/\/sexshopzagues.com.mx\/tienda\/index.php?rest_route=%2Fwp%2Fv2%2Fproduct_tag&post=5535"}],"curies":[{"name":"wp","href":"https:\/\/api.w.org\/{rel}","templated":true}]}}