{"id":5510,"date":"2016-12-15T00:24:23","date_gmt":"2016-12-15T00:24:23","guid":{"rendered":"http:\/\/sexshopzagues.com.mx\/tienda\/?post_type=product&#038;p=5510"},"modified":"2023-03-03T21:40:07","modified_gmt":"2023-03-03T21:40:07","slug":"maxi-wanachi-pink","status":"publish","type":"product","link":"https:\/\/sexshopzagues.com.mx\/tienda\/?product=maxi-wanachi-pink","title":{"rendered":"Maxi Wanachi Pink"},"content":{"rendered":"<p>Maxi masajeador Wanachi. Disfruta de relajantes vibraciones de gran alcance. Impulsado por un motor silencioso el Maxi Wanachi es la mejor opci\u00f3n para revitalizaci\u00f3n de los m\u00fasculos cansados, claro, y para dar una intensa sensaci\u00f3n de placer. Su cabeza flexible le permite llegar f\u00e1cilmente a todos los lugares adecuados.<\/p>\n","protected":false},"excerpt":{"rendered":"Maxi masajeador Wanachi. Disfruta de relajantes vibraciones de gran alcance. Impulsado por un motor silencioso el Maxi Wanachi es la mejor opci\u00f3n para revitalizaci\u00f3n de los m\u00fasculos cansados, claro, y para dar una intensa sensaci\u00f3n de placer. Su cabeza flexible le permite llegar f\u00e1cilmente a todos los lugares adecuados.","protected":false},"featured_media":5511,"comment_status":"open","ping_status":"closed","template":"","meta":[],"product_cat":[57],"product_tag":[94,76],"_links":{"self":[{"href":"https:\/\/sexshopzagues.com.mx\/tienda\/index.php?rest_route=\/wp\/v2\/product\/5510"}],"collection":[{"href":"https:\/\/sexshopzagues.com.mx\/tienda\/index.php?rest_route=\/wp\/v2\/product"}],"about":[{"href":"https:\/\/sexshopzagues.com.mx\/tienda\/index.php?rest_route=\/wp\/v2\/types\/product"}],"replies":[{"embeddable":true,"href":"https:\/\/sexshopzagues.com.mx\/tienda\/index.php?rest_route=%2Fwp%2Fv2%2Fcomments&post=5510"}],"wp:featuredmedia":[{"embeddable":true,"href":"https:\/\/sexshopzagues.com.mx\/tienda\/index.php?rest_route=\/wp\/v2\/media\/5511"}],"wp:attachment":[{"href":"https:\/\/sexshopzagues.com.mx\/tienda\/index.php?rest_route=%2Fwp%2Fv2%2Fmedia&parent=5510"}],"wp:term":[{"taxonomy":"product_cat","embeddable":true,"href":"https:\/\/sexshopzagues.com.mx\/tienda\/index.php?rest_route=%2Fwp%2Fv2%2Fproduct_cat&post=5510"},{"taxonomy":"product_tag","embeddable":true,"href":"https:\/\/sexshopzagues.com.mx\/tienda\/index.php?rest_route=%2Fwp%2Fv2%2Fproduct_tag&post=5510"}],"curies":[{"name":"wp","href":"https:\/\/api.w.org\/{rel}","templated":true}]}}