{"id":5341,"date":"2016-12-08T01:36:19","date_gmt":"2016-12-08T01:36:19","guid":{"rendered":"http:\/\/sexshopzagues.com.mx\/tienda\/?post_type=product&#038;p=5341"},"modified":"2023-03-03T21:42:36","modified_gmt":"2023-03-03T21:42:36","slug":"like-a-virgin-10-ml","status":"publish","type":"product","link":"https:\/\/sexshopzagues.com.mx\/tienda\/?product=like-a-virgin-10-ml","title":{"rendered":"Like A Virgin 10 ml"},"content":{"rendered":"<p>La experiencia de la primera vez es posible gracias a la exclusiva f\u00f3rmula de Like a Virgin. Adem\u00e1s de ser estrechante, te estimular\u00e1.<\/p>\n<p>Contenido: 10 ml.<\/p>\n","protected":false},"excerpt":{"rendered":"Almohadilla de crema estrechante.","protected":false},"featured_media":5342,"comment_status":"open","ping_status":"closed","template":"","meta":[],"product_cat":[102,59],"product_tag":[76],"_links":{"self":[{"href":"https:\/\/sexshopzagues.com.mx\/tienda\/index.php?rest_route=\/wp\/v2\/product\/5341"}],"collection":[{"href":"https:\/\/sexshopzagues.com.mx\/tienda\/index.php?rest_route=\/wp\/v2\/product"}],"about":[{"href":"https:\/\/sexshopzagues.com.mx\/tienda\/index.php?rest_route=\/wp\/v2\/types\/product"}],"replies":[{"embeddable":true,"href":"https:\/\/sexshopzagues.com.mx\/tienda\/index.php?rest_route=%2Fwp%2Fv2%2Fcomments&post=5341"}],"wp:featuredmedia":[{"embeddable":true,"href":"https:\/\/sexshopzagues.com.mx\/tienda\/index.php?rest_route=\/wp\/v2\/media\/5342"}],"wp:attachment":[{"href":"https:\/\/sexshopzagues.com.mx\/tienda\/index.php?rest_route=%2Fwp%2Fv2%2Fmedia&parent=5341"}],"wp:term":[{"taxonomy":"product_cat","embeddable":true,"href":"https:\/\/sexshopzagues.com.mx\/tienda\/index.php?rest_route=%2Fwp%2Fv2%2Fproduct_cat&post=5341"},{"taxonomy":"product_tag","embeddable":true,"href":"https:\/\/sexshopzagues.com.mx\/tienda\/index.php?rest_route=%2Fwp%2Fv2%2Fproduct_tag&post=5341"}],"curies":[{"name":"wp","href":"https:\/\/api.w.org\/{rel}","templated":true}]}}