{"id":5334,"date":"2016-12-08T01:16:28","date_gmt":"2016-12-08T01:16:28","guid":{"rendered":"http:\/\/sexshopzagues.com.mx\/tienda\/?post_type=product&#038;p=5334"},"modified":"2023-03-03T21:42:57","modified_gmt":"2023-03-03T21:42:57","slug":"max-width-10-ml","status":"publish","type":"product","link":"https:\/\/sexshopzagues.com.mx\/tienda\/?product=max-width-10-ml","title":{"rendered":"Max-Width 10 ml"},"content":{"rendered":"<p>Crema especialmente formulada para engrosar y alargar el pene. Solo fr\u00f3tela en el miembro y note los resultados que brinda, potenciando su erecci\u00f3n. F\u00e1cil de usar, sensaci\u00f3n agradable, r\u00e1pida absorci\u00f3n.<\/p>\n<p>Contenido: 10 ml.<\/p>\n","protected":false},"excerpt":{"rendered":"Almohadilla de crema desarrolladora. 1 Aplicaci\u00f3n.","protected":false},"featured_media":5335,"comment_status":"open","ping_status":"closed","template":"","meta":[],"product_cat":[70],"product_tag":[76],"_links":{"self":[{"href":"https:\/\/sexshopzagues.com.mx\/tienda\/index.php?rest_route=\/wp\/v2\/product\/5334"}],"collection":[{"href":"https:\/\/sexshopzagues.com.mx\/tienda\/index.php?rest_route=\/wp\/v2\/product"}],"about":[{"href":"https:\/\/sexshopzagues.com.mx\/tienda\/index.php?rest_route=\/wp\/v2\/types\/product"}],"replies":[{"embeddable":true,"href":"https:\/\/sexshopzagues.com.mx\/tienda\/index.php?rest_route=%2Fwp%2Fv2%2Fcomments&post=5334"}],"wp:featuredmedia":[{"embeddable":true,"href":"https:\/\/sexshopzagues.com.mx\/tienda\/index.php?rest_route=\/wp\/v2\/media\/5335"}],"wp:attachment":[{"href":"https:\/\/sexshopzagues.com.mx\/tienda\/index.php?rest_route=%2Fwp%2Fv2%2Fmedia&parent=5334"}],"wp:term":[{"taxonomy":"product_cat","embeddable":true,"href":"https:\/\/sexshopzagues.com.mx\/tienda\/index.php?rest_route=%2Fwp%2Fv2%2Fproduct_cat&post=5334"},{"taxonomy":"product_tag","embeddable":true,"href":"https:\/\/sexshopzagues.com.mx\/tienda\/index.php?rest_route=%2Fwp%2Fv2%2Fproduct_tag&post=5334"}],"curies":[{"name":"wp","href":"https:\/\/api.w.org\/{rel}","templated":true}]}}