{"id":5311,"date":"2016-12-07T23:03:58","date_gmt":"2016-12-07T23:03:58","guid":{"rendered":"http:\/\/sexshopzagues.com.mx\/tienda\/?product=mini-flavored-moist-1-25-fl-oz-strawberry"},"modified":"2023-03-03T21:44:10","modified_gmt":"2023-03-03T21:44:10","slug":"mini-flavored-moist-1-25-fl-oz-strawberry","status":"publish","type":"product","link":"https:\/\/sexshopzagues.com.mx\/tienda\/?product=mini-flavored-moist-1-25-fl-oz-strawberry","title":{"rendered":"Mini Flavored Moist 1.25 fl. oz. Strawberry"},"content":{"rendered":"<p>Linea de lubricantes comestibles, para sexo oral, juego er\u00f3tico o bien la penetraci\u00f3n, a base de agua, compatible con el l\u00e1tex. Contiene 1.25oz. Sabores: Fresa, cereza, frutas de la pasi\u00f3n y kiwi.<\/p>\n","protected":false},"excerpt":{"rendered":"Lubricante comestible base agua.","protected":false},"featured_media":5312,"comment_status":"open","ping_status":"closed","template":"","meta":[],"product_cat":[59],"product_tag":[96,76],"_links":{"self":[{"href":"https:\/\/sexshopzagues.com.mx\/tienda\/index.php?rest_route=\/wp\/v2\/product\/5311"}],"collection":[{"href":"https:\/\/sexshopzagues.com.mx\/tienda\/index.php?rest_route=\/wp\/v2\/product"}],"about":[{"href":"https:\/\/sexshopzagues.com.mx\/tienda\/index.php?rest_route=\/wp\/v2\/types\/product"}],"replies":[{"embeddable":true,"href":"https:\/\/sexshopzagues.com.mx\/tienda\/index.php?rest_route=%2Fwp%2Fv2%2Fcomments&post=5311"}],"wp:featuredmedia":[{"embeddable":true,"href":"https:\/\/sexshopzagues.com.mx\/tienda\/index.php?rest_route=\/wp\/v2\/media\/5312"}],"wp:attachment":[{"href":"https:\/\/sexshopzagues.com.mx\/tienda\/index.php?rest_route=%2Fwp%2Fv2%2Fmedia&parent=5311"}],"wp:term":[{"taxonomy":"product_cat","embeddable":true,"href":"https:\/\/sexshopzagues.com.mx\/tienda\/index.php?rest_route=%2Fwp%2Fv2%2Fproduct_cat&post=5311"},{"taxonomy":"product_tag","embeddable":true,"href":"https:\/\/sexshopzagues.com.mx\/tienda\/index.php?rest_route=%2Fwp%2Fv2%2Fproduct_tag&post=5311"}],"curies":[{"name":"wp","href":"https:\/\/api.w.org\/{rel}","templated":true}]}}