{"id":5297,"date":"2016-12-07T20:40:11","date_gmt":"2016-12-07T20:40:11","guid":{"rendered":"http:\/\/sexshopzagues.com.mx\/tienda\/?post_type=product&#038;p=5297"},"modified":"2023-03-03T21:55:49","modified_gmt":"2023-03-03T21:55:49","slug":"fusion-deep-action-2-oz","status":"publish","type":"product","link":"https:\/\/sexshopzagues.com.mx\/tienda\/?product=fusion-deep-action-2-oz","title":{"rendered":"Fusion Deep Action 2 oz"},"content":{"rendered":"<p>Fusion Deep Action es un lubricante personal de larga duraci\u00f3n destinado a hidratar y lubricar. Dise\u00f1ado para mejorar la facilidad y comodidad de la actividad sexual \u00edntima, mientras que complementa la lubricaci\u00f3n natural del cuerpo. Compatible con la mayor\u00eda de los condones nuestra f\u00f3rmula cuidadosamente elegida es una silicona de grado farmac\u00e9utico de larga duraci\u00f3n.<\/p>\n<p>Contenido: 2 oz.<\/p>\n","protected":false},"excerpt":{"rendered":"Lubricante base silic\u00f3n. Deep Action.","protected":false},"featured_media":12397,"comment_status":"open","ping_status":"closed","template":"","meta":[],"product_cat":[59],"product_tag":[115,112],"_links":{"self":[{"href":"https:\/\/sexshopzagues.com.mx\/tienda\/index.php?rest_route=\/wp\/v2\/product\/5297"}],"collection":[{"href":"https:\/\/sexshopzagues.com.mx\/tienda\/index.php?rest_route=\/wp\/v2\/product"}],"about":[{"href":"https:\/\/sexshopzagues.com.mx\/tienda\/index.php?rest_route=\/wp\/v2\/types\/product"}],"replies":[{"embeddable":true,"href":"https:\/\/sexshopzagues.com.mx\/tienda\/index.php?rest_route=%2Fwp%2Fv2%2Fcomments&post=5297"}],"wp:featuredmedia":[{"embeddable":true,"href":"https:\/\/sexshopzagues.com.mx\/tienda\/index.php?rest_route=\/wp\/v2\/media\/12397"}],"wp:attachment":[{"href":"https:\/\/sexshopzagues.com.mx\/tienda\/index.php?rest_route=%2Fwp%2Fv2%2Fmedia&parent=5297"}],"wp:term":[{"taxonomy":"product_cat","embeddable":true,"href":"https:\/\/sexshopzagues.com.mx\/tienda\/index.php?rest_route=%2Fwp%2Fv2%2Fproduct_cat&post=5297"},{"taxonomy":"product_tag","embeddable":true,"href":"https:\/\/sexshopzagues.com.mx\/tienda\/index.php?rest_route=%2Fwp%2Fv2%2Fproduct_tag&post=5297"}],"curies":[{"name":"wp","href":"https:\/\/api.w.org\/{rel}","templated":true}]}}