{"id":5288,"date":"2016-12-07T02:11:13","date_gmt":"2016-12-07T02:11:13","guid":{"rendered":"http:\/\/sexshopzagues.com.mx\/tienda\/?product=neon-luv-touch-bullet-xl-purple"},"modified":"2023-03-03T21:55:32","modified_gmt":"2023-03-03T21:55:32","slug":"neon-luv-touch-bullet-xl-purple","status":"publish","type":"product","link":"https:\/\/sexshopzagues.com.mx\/tienda\/?product=neon-luv-touch-bullet-xl-purple","title":{"rendered":"Neon Luv Touch Bullet XL Purple"},"content":{"rendered":"<p>Conoce los radiantes colores de la linea Neon. Bala vibradora con acabado siliconizado, material hipoalerg\u00e9nico, potente vibraci\u00f3n, a prueba de agua. Medidas: 8.3cm y 1 de di\u00e1metro.<\/p>\n","protected":false},"excerpt":{"rendered":"Bala vibradora XL.","protected":false},"featured_media":5289,"comment_status":"open","ping_status":"closed","template":"","meta":[],"product_cat":[158,180,57],"product_tag":[96,92,76],"_links":{"self":[{"href":"https:\/\/sexshopzagues.com.mx\/tienda\/index.php?rest_route=\/wp\/v2\/product\/5288"}],"collection":[{"href":"https:\/\/sexshopzagues.com.mx\/tienda\/index.php?rest_route=\/wp\/v2\/product"}],"about":[{"href":"https:\/\/sexshopzagues.com.mx\/tienda\/index.php?rest_route=\/wp\/v2\/types\/product"}],"replies":[{"embeddable":true,"href":"https:\/\/sexshopzagues.com.mx\/tienda\/index.php?rest_route=%2Fwp%2Fv2%2Fcomments&post=5288"}],"wp:featuredmedia":[{"embeddable":true,"href":"https:\/\/sexshopzagues.com.mx\/tienda\/index.php?rest_route=\/wp\/v2\/media\/5289"}],"wp:attachment":[{"href":"https:\/\/sexshopzagues.com.mx\/tienda\/index.php?rest_route=%2Fwp%2Fv2%2Fmedia&parent=5288"}],"wp:term":[{"taxonomy":"product_cat","embeddable":true,"href":"https:\/\/sexshopzagues.com.mx\/tienda\/index.php?rest_route=%2Fwp%2Fv2%2Fproduct_cat&post=5288"},{"taxonomy":"product_tag","embeddable":true,"href":"https:\/\/sexshopzagues.com.mx\/tienda\/index.php?rest_route=%2Fwp%2Fv2%2Fproduct_tag&post=5288"}],"curies":[{"name":"wp","href":"https:\/\/api.w.org\/{rel}","templated":true}]}}