{"id":5258,"date":"2016-12-06T16:49:41","date_gmt":"2016-12-06T16:49:41","guid":{"rendered":"http:\/\/sexshopzagues.com.mx\/tienda\/?product=neon-luv-touch-lil-rabbit-azul"},"modified":"2023-03-03T21:57:26","modified_gmt":"2023-03-03T21:57:26","slug":"neon-luv-touch-lil-rabbit-azul","status":"publish","type":"product","link":"https:\/\/sexshopzagues.com.mx\/tienda\/?product=neon-luv-touch-lil-rabbit-azul","title":{"rendered":"Neon Luv Touch Lil Rabbit Azul"},"content":{"rendered":"<p>Discreto y estimulante. Peque\u00f1o conejo vibrador, para estimulaci\u00f3n superficial, incluso para penetrar, de material suave, vibraci\u00f3n regulable, a prueba de agua. Conoce los brillantes colores que la linea Neon trae para ti.<\/p>\n","protected":false},"excerpt":{"rendered":"Vibrador en forma de conejo.","protected":false},"featured_media":5259,"comment_status":"open","ping_status":"closed","template":"","meta":[],"product_cat":[57],"product_tag":[96,83,76],"_links":{"self":[{"href":"https:\/\/sexshopzagues.com.mx\/tienda\/index.php?rest_route=\/wp\/v2\/product\/5258"}],"collection":[{"href":"https:\/\/sexshopzagues.com.mx\/tienda\/index.php?rest_route=\/wp\/v2\/product"}],"about":[{"href":"https:\/\/sexshopzagues.com.mx\/tienda\/index.php?rest_route=\/wp\/v2\/types\/product"}],"replies":[{"embeddable":true,"href":"https:\/\/sexshopzagues.com.mx\/tienda\/index.php?rest_route=%2Fwp%2Fv2%2Fcomments&post=5258"}],"wp:featuredmedia":[{"embeddable":true,"href":"https:\/\/sexshopzagues.com.mx\/tienda\/index.php?rest_route=\/wp\/v2\/media\/5259"}],"wp:attachment":[{"href":"https:\/\/sexshopzagues.com.mx\/tienda\/index.php?rest_route=%2Fwp%2Fv2%2Fmedia&parent=5258"}],"wp:term":[{"taxonomy":"product_cat","embeddable":true,"href":"https:\/\/sexshopzagues.com.mx\/tienda\/index.php?rest_route=%2Fwp%2Fv2%2Fproduct_cat&post=5258"},{"taxonomy":"product_tag","embeddable":true,"href":"https:\/\/sexshopzagues.com.mx\/tienda\/index.php?rest_route=%2Fwp%2Fv2%2Fproduct_tag&post=5258"}],"curies":[{"name":"wp","href":"https:\/\/api.w.org\/{rel}","templated":true}]}}