{"id":5237,"date":"2016-12-03T21:27:23","date_gmt":"2016-12-03T21:27:23","guid":{"rendered":"http:\/\/sexshopzagues.com.mx\/tienda\/?product=neon-luv-touch-fantasy-kit-yellow"},"modified":"2021-09-04T20:48:42","modified_gmt":"2021-09-04T20:48:42","slug":"neon-luv-touch-fantasy-kit-yellow","status":"publish","type":"product","link":"https:\/\/sexshopzagues.com.mx\/tienda\/?product=neon-luv-touch-fantasy-kit-yellow","title":{"rendered":"Neon Luv Touch Fantasy Kit Yellow"},"content":{"rendered":"<p>Descubre nuevas sensaciones con este peque\u00f1o kit. Sola o con tu pareja, disfruta con el aceite para masaje t\u00e9rmico, lo puedes poner en cualquier parte del cuerpo y sentir el calor estimulante que brinda; una peque\u00f1a bala vibradora que puede ser para estimulaci\u00f3n superficial o penetraci\u00f3n, con acabado sedoso; vibrador con curvatura, dise\u00f1ado para estimular punto g, acabado sedoso. A prueba de agua.<\/p>\n","protected":false},"excerpt":{"rendered":"Kit con vibrador para punto g, bala y aceite para masaje.","protected":false},"featured_media":5238,"comment_status":"open","ping_status":"closed","template":"","meta":[],"product_cat":[158,65,57],"product_tag":[96,76,86],"_links":{"self":[{"href":"https:\/\/sexshopzagues.com.mx\/tienda\/index.php?rest_route=\/wp\/v2\/product\/5237"}],"collection":[{"href":"https:\/\/sexshopzagues.com.mx\/tienda\/index.php?rest_route=\/wp\/v2\/product"}],"about":[{"href":"https:\/\/sexshopzagues.com.mx\/tienda\/index.php?rest_route=\/wp\/v2\/types\/product"}],"replies":[{"embeddable":true,"href":"https:\/\/sexshopzagues.com.mx\/tienda\/index.php?rest_route=%2Fwp%2Fv2%2Fcomments&post=5237"}],"wp:featuredmedia":[{"embeddable":true,"href":"https:\/\/sexshopzagues.com.mx\/tienda\/index.php?rest_route=\/wp\/v2\/media\/5238"}],"wp:attachment":[{"href":"https:\/\/sexshopzagues.com.mx\/tienda\/index.php?rest_route=%2Fwp%2Fv2%2Fmedia&parent=5237"}],"wp:term":[{"taxonomy":"product_cat","embeddable":true,"href":"https:\/\/sexshopzagues.com.mx\/tienda\/index.php?rest_route=%2Fwp%2Fv2%2Fproduct_cat&post=5237"},{"taxonomy":"product_tag","embeddable":true,"href":"https:\/\/sexshopzagues.com.mx\/tienda\/index.php?rest_route=%2Fwp%2Fv2%2Fproduct_tag&post=5237"}],"curies":[{"name":"wp","href":"https:\/\/api.w.org\/{rel}","templated":true}]}}