{"id":5079,"date":"2016-11-26T14:07:40","date_gmt":"2016-11-26T14:07:40","guid":{"rendered":"http:\/\/sexshopzagues.com.mx\/tienda\/?post_type=product&#038;p=5079"},"modified":"2023-03-03T22:03:44","modified_gmt":"2023-03-03T22:03:44","slug":"booty-call-booty-exciter-pink","status":"publish","type":"product","link":"https:\/\/sexshopzagues.com.mx\/tienda\/?product=booty-call-booty-exciter-pink","title":{"rendered":"Booty Call? Booty Exciter Pink"},"content":{"rendered":"<p>Plug anal, producto unisex, su forma facilita la estimulaci\u00f3n de pr\u00f3stata en caso de que sea utilizado por hombres. Flexible y duradero. Fabricado en silic\u00f3n premium hipoalerg\u00e9nico, con aro de gran tama\u00f1o que facilita la inserci\u00f3n y extracci\u00f3n, cuenta con refuerzo met\u00e1lico. Medidas: 10.75cm x 3.25cm.<\/p>\n","protected":false},"excerpt":{"rendered":"Plug anal unisex.","protected":false},"featured_media":5081,"comment_status":"open","ping_status":"closed","template":"","meta":[],"product_cat":[56],"product_tag":[75,92,105],"_links":{"self":[{"href":"https:\/\/sexshopzagues.com.mx\/tienda\/index.php?rest_route=\/wp\/v2\/product\/5079"}],"collection":[{"href":"https:\/\/sexshopzagues.com.mx\/tienda\/index.php?rest_route=\/wp\/v2\/product"}],"about":[{"href":"https:\/\/sexshopzagues.com.mx\/tienda\/index.php?rest_route=\/wp\/v2\/types\/product"}],"replies":[{"embeddable":true,"href":"https:\/\/sexshopzagues.com.mx\/tienda\/index.php?rest_route=%2Fwp%2Fv2%2Fcomments&post=5079"}],"wp:featuredmedia":[{"embeddable":true,"href":"https:\/\/sexshopzagues.com.mx\/tienda\/index.php?rest_route=\/wp\/v2\/media\/5081"}],"wp:attachment":[{"href":"https:\/\/sexshopzagues.com.mx\/tienda\/index.php?rest_route=%2Fwp%2Fv2%2Fmedia&parent=5079"}],"wp:term":[{"taxonomy":"product_cat","embeddable":true,"href":"https:\/\/sexshopzagues.com.mx\/tienda\/index.php?rest_route=%2Fwp%2Fv2%2Fproduct_cat&post=5079"},{"taxonomy":"product_tag","embeddable":true,"href":"https:\/\/sexshopzagues.com.mx\/tienda\/index.php?rest_route=%2Fwp%2Fv2%2Fproduct_tag&post=5079"}],"curies":[{"name":"wp","href":"https:\/\/api.w.org\/{rel}","templated":true}]}}