{"id":5060,"date":"2016-11-24T21:12:56","date_gmt":"2016-11-24T21:12:56","guid":{"rendered":"http:\/\/sexshopzagues.com.mx\/tienda\/?post_type=product&#038;p=5060"},"modified":"2023-03-03T22:05:49","modified_gmt":"2023-03-03T22:05:49","slug":"wet-platinum-premium-lubricant-1-oz","status":"publish","type":"product","link":"https:\/\/sexshopzagues.com.mx\/tienda\/?product=wet-platinum-premium-lubricant-1-oz","title":{"rendered":"Wet? Platinum? Premium Lubricant 1 oz."},"content":{"rendered":"<p>Garantizado nunca pegajoso, este lubricante de silic\u00f3n premium es una f\u00f3rmula de larga duraci\u00f3n. Favorece penetraci\u00f3n anal y vaginal. Nunca se seca, deja la piel con sensaci\u00f3n suave e hidratada. Tambi\u00e9n es ideal para masajes corporales completos y acondicionamiento de la piel. Esta f\u00f3rmula suave y sedosa es recomendada por doctores. Puedes utilizarlo bajo el agua. Compatible con l\u00e1tex.<\/p>\n","protected":false},"excerpt":{"rendered":"Lubricante base silic\u00f3n.","protected":false},"featured_media":5061,"comment_status":"open","ping_status":"closed","template":"","meta":[],"product_cat":[59],"product_tag":[111],"_links":{"self":[{"href":"https:\/\/sexshopzagues.com.mx\/tienda\/index.php?rest_route=\/wp\/v2\/product\/5060"}],"collection":[{"href":"https:\/\/sexshopzagues.com.mx\/tienda\/index.php?rest_route=\/wp\/v2\/product"}],"about":[{"href":"https:\/\/sexshopzagues.com.mx\/tienda\/index.php?rest_route=\/wp\/v2\/types\/product"}],"replies":[{"embeddable":true,"href":"https:\/\/sexshopzagues.com.mx\/tienda\/index.php?rest_route=%2Fwp%2Fv2%2Fcomments&post=5060"}],"wp:featuredmedia":[{"embeddable":true,"href":"https:\/\/sexshopzagues.com.mx\/tienda\/index.php?rest_route=\/wp\/v2\/media\/5061"}],"wp:attachment":[{"href":"https:\/\/sexshopzagues.com.mx\/tienda\/index.php?rest_route=%2Fwp%2Fv2%2Fmedia&parent=5060"}],"wp:term":[{"taxonomy":"product_cat","embeddable":true,"href":"https:\/\/sexshopzagues.com.mx\/tienda\/index.php?rest_route=%2Fwp%2Fv2%2Fproduct_cat&post=5060"},{"taxonomy":"product_tag","embeddable":true,"href":"https:\/\/sexshopzagues.com.mx\/tienda\/index.php?rest_route=%2Fwp%2Fv2%2Fproduct_tag&post=5060"}],"curies":[{"name":"wp","href":"https:\/\/api.w.org\/{rel}","templated":true}]}}