{"id":5035,"date":"2016-11-22T20:15:47","date_gmt":"2016-11-22T20:15:47","guid":{"rendered":"http:\/\/sexshopzagues.com.mx\/tienda\/?post_type=product&#038;p=5035"},"modified":"2023-03-03T22:16:58","modified_gmt":"2023-03-03T22:16:58","slug":"dulces-de-damiana","status":"publish","type":"product","link":"https:\/\/sexshopzagues.com.mx\/tienda\/?product=dulces-de-damiana","title":{"rendered":"Dulces de Damiana"},"content":{"rendered":"<p>\u00bfTe gustan los caramelos?<\/p>\n<p>Con tan solo probar estas deliciosas pastillas de sabor canela, fresa y menta podr\u00e1s vivir experiencias llenas de pasi\u00f3n. Su combinaci\u00f3n de efeto relajante y estimulante es ideal para darle fuego a tu encuentro amoroso.<\/p>\n<p>Sabores disponibles: Canela, Fresa y Menta<\/p>\n","protected":false},"excerpt":{"rendered":"Dulces de Damiana Afrodisiacos, estimulantes.","protected":false},"featured_media":12966,"comment_status":"open","ping_status":"closed","template":"","meta":[],"product_cat":[102,53],"product_tag":[114],"_links":{"self":[{"href":"https:\/\/sexshopzagues.com.mx\/tienda\/index.php?rest_route=\/wp\/v2\/product\/5035"}],"collection":[{"href":"https:\/\/sexshopzagues.com.mx\/tienda\/index.php?rest_route=\/wp\/v2\/product"}],"about":[{"href":"https:\/\/sexshopzagues.com.mx\/tienda\/index.php?rest_route=\/wp\/v2\/types\/product"}],"replies":[{"embeddable":true,"href":"https:\/\/sexshopzagues.com.mx\/tienda\/index.php?rest_route=%2Fwp%2Fv2%2Fcomments&post=5035"}],"wp:featuredmedia":[{"embeddable":true,"href":"https:\/\/sexshopzagues.com.mx\/tienda\/index.php?rest_route=\/wp\/v2\/media\/12966"}],"wp:attachment":[{"href":"https:\/\/sexshopzagues.com.mx\/tienda\/index.php?rest_route=%2Fwp%2Fv2%2Fmedia&parent=5035"}],"wp:term":[{"taxonomy":"product_cat","embeddable":true,"href":"https:\/\/sexshopzagues.com.mx\/tienda\/index.php?rest_route=%2Fwp%2Fv2%2Fproduct_cat&post=5035"},{"taxonomy":"product_tag","embeddable":true,"href":"https:\/\/sexshopzagues.com.mx\/tienda\/index.php?rest_route=%2Fwp%2Fv2%2Fproduct_tag&post=5035"}],"curies":[{"name":"wp","href":"https:\/\/api.w.org\/{rel}","templated":true}]}}