{"id":5034,"date":"2016-11-22T01:06:52","date_gmt":"2016-11-22T01:06:52","guid":{"rendered":"http:\/\/sexshopzagues.com.mx\/tienda\/?post_type=product&#038;p=5034"},"modified":"2023-03-03T22:26:14","modified_gmt":"2023-03-03T22:26:14","slug":"talco-comestible-sxo","status":"publish","type":"product","link":"https:\/\/sexshopzagues.com.mx\/tienda\/?product=talco-comestible-sxo","title":{"rendered":"Talco Comestible SXO"},"content":{"rendered":"<p>Para que regrese el romance&#8230;<\/p>\n<p>Nada mejor que este fino polvo con sabor, lo puedes aplicar en el cuerpo para que cada beso que se den tenga un exquisito sabor y quieran dar m\u00e1s y m\u00e1s besos. Adem\u00e1s pueden utilizar el acariciador de plumas de Marab\u00fa para sensibilizar a\u00fan m\u00e1s cada parte del cuerpo.<\/p>\n<p>Disponible en 8 sabores.<\/p>\n<p>Presentaci\u00f3n: \u00a0100g.<\/p>\n","protected":false},"excerpt":{"rendered":"Talco Comestible","protected":false},"featured_media":5026,"comment_status":"open","ping_status":"closed","template":"","meta":[],"product_cat":[53],"product_tag":[114],"_links":{"self":[{"href":"https:\/\/sexshopzagues.com.mx\/tienda\/index.php?rest_route=\/wp\/v2\/product\/5034"}],"collection":[{"href":"https:\/\/sexshopzagues.com.mx\/tienda\/index.php?rest_route=\/wp\/v2\/product"}],"about":[{"href":"https:\/\/sexshopzagues.com.mx\/tienda\/index.php?rest_route=\/wp\/v2\/types\/product"}],"replies":[{"embeddable":true,"href":"https:\/\/sexshopzagues.com.mx\/tienda\/index.php?rest_route=%2Fwp%2Fv2%2Fcomments&post=5034"}],"wp:featuredmedia":[{"embeddable":true,"href":"https:\/\/sexshopzagues.com.mx\/tienda\/index.php?rest_route=\/wp\/v2\/media\/5026"}],"wp:attachment":[{"href":"https:\/\/sexshopzagues.com.mx\/tienda\/index.php?rest_route=%2Fwp%2Fv2%2Fmedia&parent=5034"}],"wp:term":[{"taxonomy":"product_cat","embeddable":true,"href":"https:\/\/sexshopzagues.com.mx\/tienda\/index.php?rest_route=%2Fwp%2Fv2%2Fproduct_cat&post=5034"},{"taxonomy":"product_tag","embeddable":true,"href":"https:\/\/sexshopzagues.com.mx\/tienda\/index.php?rest_route=%2Fwp%2Fv2%2Fproduct_tag&post=5034"}],"curies":[{"name":"wp","href":"https:\/\/api.w.org\/{rel}","templated":true}]}}